{"id":11850,"date":"2016-06-24T12:08:02","date_gmt":"2016-06-24T12:08:02","guid":{"rendered":"http:\/\/template.cmsmasters.net\/?page_id=11850"},"modified":"2025-07-10T16:40:37","modified_gmt":"2025-07-10T14:40:37","slug":"konyvesbolt-es-kiado-elerhetosegei","status":"publish","type":"page","link":"https:\/\/eotvoskiado.hu\/index.php\/konyvesbolt-es-kiado-elerhetosegei\/","title":{"rendered":"Kapcsolat"},"content":{"rendered":"<div id=\"cmsmasters_row_d7i5el60sb\" class=\"cmsmasters_row cmsmasters_color_scheme_default cmsmasters_row_top_default cmsmasters_row_bot_default cmsmasters_row_boxed\">\n<div class=\"cmsmasters_row_outer_parent\">\n<div class=\"cmsmasters_row_outer\">\n<div class=\"cmsmasters_row_inner\">\n<div class=\"cmsmasters_row_margin\">\n<div id=\"cmsmasters_column_u4pynqzhpa\" class=\"cmsmasters_column one_first\">\n<div class=\"cmsmasters_column_inner\">\n<div id=\"cmsmasters_divider_fjlaxsg9w7\" class=\"cmsmasters_divider cmsmasters_divider_width_long cmsmasters_divider_pos_center\"><\/div>\n<div class=\"cmsmasters_text\">\n<h2 style=\"text-align: center;\">Kapcsolat<\/h2>\n<\/div>\n\n<div id=\"cmsmasters_divider_cowdhrd44w\" class=\"cmsmasters_divider cmsmasters_divider_width_long cmsmasters_divider_pos_center\"><\/div>\n<\/div><\/div>\n<\/div>\n<\/div>\n<\/div>\n<\/div>\n<\/div>\n<div id=\"cmsmasters_row_28343d74ce\" class=\"cmsmasters_row cmsmasters_color_scheme_default cmsmasters_row_top_default cmsmasters_row_bot_default cmsmasters_row_boxed\">\n<div class=\"cmsmasters_row_outer_parent\">\n<div class=\"cmsmasters_row_outer\">\n<div class=\"cmsmasters_row_inner\">\n<div class=\"cmsmasters_row_margin\">\n<div id=\"cmsmasters_column_\" class=\"cmsmasters_column one_first\">\n<div class=\"cmsmasters_column_inner\"><div class=\"custom_html\">\n<iframe src=\"https:\/\/www.google.com\/maps\/embed?pb=!1m18!1m12!1m3!1d4533.788294032304!2d19.058976890105605!3d47.49367990875513!2m3!1f0!2f0!3f0!3m2!1i1024!2i768!4f13.1!3m3!1m2!1s0x4741dc432ff00c55%3A0x12465e603dd3a2a0!2sBudapest%2C%20M%C3%BAzeum%20krt.%204%2C%201088!5e0!3m2!1shu!2shu!4v1672743282314!5m2!1shu!2shu\" width=\"100%\" height=\"450\" style=\"border:0;\" allowfullscreen=\"\" loading=\"lazy\" referrerpolicy=\"no-referrer-when-downgrade\"><\/iframe>\n<\/div>\n<\/div><\/div>\n<\/div>\n<\/div>\n<\/div>\n<\/div>\n<\/div>\n<div id=\"cmsmasters_row_8z0vvof1w\" class=\"cmsmasters_row cmsmasters_color_scheme_default cmsmasters_row_top_default cmsmasters_row_bot_default cmsmasters_row_boxed\">\n<div class=\"cmsmasters_row_outer_parent\">\n<div class=\"cmsmasters_row_outer\">\n<div class=\"cmsmasters_row_inner\">\n<div class=\"cmsmasters_row_margin\">\n<div id=\"cmsmasters_column_wouzu07e3\" class=\"cmsmasters_column one_fourth\">\n<div class=\"cmsmasters_column_inner\"><div id=\"cmsmasters_fb_4prqdzghei\" class=\"cmsmasters_featured_block\" data-animation=\"flipInY\" data-delay=\"0\">\n<div class=\"featured_block_inner\">\n<div class=\"featured_block_text\">\n<p style=\"text-align: left; color: #012851;\"><strong>K\u00f6nyvesbolt el\u00e9rhet\u0151s\u00e9ge:<\/strong><br \/>\n1053 Budapest, Kecskem\u00e9ti utca 10-12.<br \/>\nMobil: +3620\/566-7867<\/p>\n<p style=\"text-align: left; color: #012851;\"><a id=\"m_-6467888149080006532OWAb420910f-b73b-6a74-fe46-abd172a611ff\" href=\"mailto:konyvesbolt@eotvoskiado.hu\" target=\"_blank\" rel=\"noopener\">konyvesbolt@eotvoskiado.hu<\/a><a href=\"mailto:megrendeles@eotvoskiado.hu\"><br \/>\nmegrendeles@eotvoskiado.hu<\/a><\/p>\n<p style=\"text-align: left; color: #012851;\"><strong>Nyitvatart\u00e1s:<\/strong><br \/>\nh\u00e9tf\u0151\u2013cs\u00fct\u00f6rt\u00f6k: 8.30\u201316.30<br \/>\np\u00e9ntek: 9.00\u201314.00<br \/>\nszombat\u2013vas\u00e1rnap: z\u00e1rva<\/p>\n<p>&nbsp;<\/p>\n\n<\/div>\n<\/div>\n<\/div>\n<\/div><\/div>\n<div id=\"cmsmasters_column_sf3jv4vz0i\" class=\"cmsmasters_column one_half\">\n<div class=\"cmsmasters_column_inner\"><div class=\"aligncenter\"><div class=\"cmsmasters_image_1sytkpyj5p cmsmasters_img  cmsmasters_image_c\"><img decoding=\"async\" src=\"https:\/\/eotvoskiado.hu\/wp-content\/uploads\/2022\/12\/ajk02-2-300x222.jpg\" \/><\/div><\/div><div class=\"cmsmasters_image_aboc9h3ytp cmsmasters_img  cmsmasters_image_n\"><img decoding=\"async\" src=\"https:\/\/eotvoskiado.hu\/wp-content\/uploads\/2023\/11\/elte_eotvos_kiado_nyomdai_cmyk_fekvo_logo_kek.png\" \/><\/div>\n<div id=\"cmsmasters_divider_4xtdsfez6\" class=\"cl\"><\/div>\n<div class=\"cmsmasters_text\">\n<p style=\"color: #012851; text-align: center;\">E\u00f6tv\u00f6s Lor\u00e1nd Tudom\u00e1nyegyetem hivatalos k\u00f6nyvkiad\u00f3ja<\/p>\n<\/div>\n<\/div><\/div>\n<div id=\"cmsmasters_column_u9ge42rk5e\" class=\"cmsmasters_column one_fourth\">\n<div class=\"cmsmasters_column_inner\"><div id=\"cmsmasters_fb_5bwzxou6nc\" class=\"cmsmasters_featured_block\" data-animation=\"flipInY\" data-delay=\"0\">\n<div class=\"featured_block_inner\">\n<div class=\"featured_block_text\">\n<p style=\"text-align: left; color: #012851;\"><strong>ELTE E\u00f6tv\u00f6s Kiad\u00f3 el\u00e9rhet\u0151s\u00e9ge:<\/strong><br \/>\n1088 Budapest, M\u00fazeum krt. 4.<br \/>\nIfj\u00fas\u00e1gi \u00c9p\u00fclet, mfszt.<br \/>\n<a href=\"mailto:info@eotvoskiado.hu\">info@eotvoskiado.hu<\/a><u><\/u><\/p>\n<p style=\"text-align: left; color: #012851;\"><strong>Szerkeszt\u0151s\u00e9g<\/strong><br \/>\nTelefonsz\u00e1m:+3620\/350-2008<br \/>\n<u><a href=\"mailto:szerkesztoseg@eotvoskiado.hu\" target=\"_blank\" rel=\"noopener\">szerkesztoseg@eotvoskiado.hu<\/a><\/u><\/p>\n<p style=\"text-align: left; color: #012851;\"><strong>Nyitvatart\u00e1s<\/strong>:<br \/>\nh\u00e9tf\u0151\u2013cs\u00fct\u00f6rt\u00f6k: 9.00\u201316.00<br \/>\np\u00e9ntek: 9.00\u201314.00<\/p>\n\n<\/div>\n<\/div>\n<\/div>\n<\/div><\/div>\n<\/div>\n<\/div>\n<\/div>\n<\/div>\n<\/div>\n\n","protected":false},"excerpt":{"rendered":"Kapcsolat K\u00f6nyvesbolt el\u00e9rhet\u0151s\u00e9ge: 1053 Budapest, Kecskem\u00e9ti utca 10-12. Mobil: +3620\/566-7867 konyvesbolt@eotvoskiado.hu megrendeles@eotvoskiado.hu Nyitvatart\u00e1s: h\u00e9tf\u0151\u2013cs\u00fct\u00f6rt\u00f6k: 8.30\u201316.30 p\u00e9ntek: 9.00\u201314.00 szombat\u2013vas\u00e1rnap: z\u00e1rva &nbsp; E\u00f6tv\u00f6s Lor\u00e1nd Tudom\u00e1nyegyetem hivatalos k\u00f6nyvkiad\u00f3ja ELTE E\u00f6tv\u00f6s Kiad\u00f3 el\u00e9rhet\u0151s\u00e9ge: 1088...","protected":false},"author":2,"featured_media":0,"parent":0,"menu_order":0,"comment_status":"closed","ping_status":"closed","template":"","meta":{"_monsterinsights_skip_tracking":false,"_monsterinsights_sitenote_active":false,"_monsterinsights_sitenote_note":"","_monsterinsights_sitenote_category":0,"footnotes":""},"class_list":["post-11850","page","type-page","status-publish","hentry"],"yoast_head":"<!-- This site is optimized with the Yoast SEO plugin v25.4 - https:\/\/yoast.com\/wordpress\/plugins\/seo\/ -->\n<title>Kapcsolat - E\u00f6tv\u00f6s Kiad\u00f3<\/title>\n<meta name=\"description\" content=\"El\u00e9rhet\u0151s\u00e9gek: K\u00f6nyvesbolt c\u00edme: 1053 Budapest, Kecskem\u00e9ti utca 10-12.; Kiad\u00f3 c\u00edme: 1088 Budapest, M\u00fazeum krt. 4.Ifj\u00fas\u00e1gi \u00c9p\u00fclet, mfszt.\" \/>\n<meta name=\"robots\" content=\"index, follow, max-snippet:-1, max-image-preview:large, max-video-preview:-1\" \/>\n<link rel=\"canonical\" href=\"https:\/\/eotvoskiado.hu\/index.php\/konyvesbolt-es-kiado-elerhetosegei\/\" \/>\n<meta property=\"og:locale\" content=\"hu_HU\" \/>\n<meta property=\"og:type\" content=\"article\" \/>\n<meta property=\"og:title\" content=\"Kapcsolat - E\u00f6tv\u00f6s Kiad\u00f3\" \/>\n<meta property=\"og:description\" content=\"El\u00e9rhet\u0151s\u00e9gek: K\u00f6nyvesbolt c\u00edme: 1053 Budapest, Kecskem\u00e9ti utca 10-12.; Kiad\u00f3 c\u00edme: 1088 Budapest, M\u00fazeum krt. 4.Ifj\u00fas\u00e1gi \u00c9p\u00fclet, mfszt.\" \/>\n<meta property=\"og:url\" content=\"https:\/\/eotvoskiado.hu\/index.php\/konyvesbolt-es-kiado-elerhetosegei\/\" \/>\n<meta property=\"og:site_name\" content=\"E\u00f6tv\u00f6s Kiad\u00f3\" \/>\n<meta property=\"article:publisher\" content=\"https:\/\/www.facebook.com\/eotvoskiado\" \/>\n<meta property=\"article:modified_time\" content=\"2025-07-10T14:40:37+00:00\" \/>\n<meta name=\"twitter:card\" content=\"summary_large_image\" \/>\n<meta name=\"twitter:label1\" content=\"Becs\u00fclt olvas\u00e1si id\u0151\" \/>\n\t<meta name=\"twitter:data1\" content=\"1 perc\" \/>\n<script type=\"application\/ld+json\" class=\"yoast-schema-graph\">{\"@context\":\"https:\/\/schema.org\",\"@graph\":[{\"@type\":\"WebPage\",\"@id\":\"https:\/\/eotvoskiado.hu\/index.php\/konyvesbolt-es-kiado-elerhetosegei\/\",\"url\":\"https:\/\/eotvoskiado.hu\/index.php\/konyvesbolt-es-kiado-elerhetosegei\/\",\"name\":\"Kapcsolat - E\u00f6tv\u00f6s Kiad\u00f3\",\"isPartOf\":{\"@id\":\"https:\/\/eotvoskiado.hu\/#website\"},\"datePublished\":\"2016-06-24T12:08:02+00:00\",\"dateModified\":\"2025-07-10T14:40:37+00:00\",\"description\":\"El\u00e9rhet\u0151s\u00e9gek: K\u00f6nyvesbolt c\u00edme: 1053 Budapest, Kecskem\u00e9ti utca 10-12.; Kiad\u00f3 c\u00edme: 1088 Budapest, M\u00fazeum krt. 4.Ifj\u00fas\u00e1gi \u00c9p\u00fclet, mfszt.\",\"breadcrumb\":{\"@id\":\"https:\/\/eotvoskiado.hu\/index.php\/konyvesbolt-es-kiado-elerhetosegei\/#breadcrumb\"},\"inLanguage\":\"hu\",\"potentialAction\":[{\"@type\":\"ReadAction\",\"target\":[\"https:\/\/eotvoskiado.hu\/index.php\/konyvesbolt-es-kiado-elerhetosegei\/\"]}]},{\"@type\":\"BreadcrumbList\",\"@id\":\"https:\/\/eotvoskiado.hu\/index.php\/konyvesbolt-es-kiado-elerhetosegei\/#breadcrumb\",\"itemListElement\":[{\"@type\":\"ListItem\",\"position\":1,\"name\":\"F\u0151oldal\",\"item\":\"https:\/\/eotvoskiado.hu\/\"},{\"@type\":\"ListItem\",\"position\":2,\"name\":\"Kapcsolat\"}]},{\"@type\":\"WebSite\",\"@id\":\"https:\/\/eotvoskiado.hu\/#website\",\"url\":\"https:\/\/eotvoskiado.hu\/\",\"name\":\"E\u00f6tv\u00f6s Kiad\u00f3\",\"description\":\"Az ELTE hivatalos k\u00f6nyvkiad\u00f3ja\",\"publisher\":{\"@id\":\"https:\/\/eotvoskiado.hu\/#organization\"},\"potentialAction\":[{\"@type\":\"SearchAction\",\"target\":{\"@type\":\"EntryPoint\",\"urlTemplate\":\"https:\/\/eotvoskiado.hu\/?s={search_term_string}\"},\"query-input\":{\"@type\":\"PropertyValueSpecification\",\"valueRequired\":true,\"valueName\":\"search_term_string\"}}],\"inLanguage\":\"hu\"},{\"@type\":\"Organization\",\"@id\":\"https:\/\/eotvoskiado.hu\/#organization\",\"name\":\"E\u00f6tv\u00f6s Kiad\u00f3\",\"url\":\"https:\/\/eotvoskiado.hu\/\",\"logo\":{\"@type\":\"ImageObject\",\"inLanguage\":\"hu\",\"@id\":\"https:\/\/eotvoskiado.hu\/#\/schema\/logo\/image\/\",\"url\":\"https:\/\/eotvoskiado.hu\/wp-content\/uploads\/2023\/11\/elte_eotvos_kiado_nyomdai_cmyk_fekvo_logo_kek.png\",\"contentUrl\":\"https:\/\/eotvoskiado.hu\/wp-content\/uploads\/2023\/11\/elte_eotvos_kiado_nyomdai_cmyk_fekvo_logo_kek.png\",\"width\":4249,\"height\":1174,\"caption\":\"E\u00f6tv\u00f6s Kiad\u00f3\"},\"image\":{\"@id\":\"https:\/\/eotvoskiado.hu\/#\/schema\/logo\/image\/\"},\"sameAs\":[\"https:\/\/www.facebook.com\/eotvoskiado\"]}]}<\/script>\n<!-- \/ Yoast SEO plugin. -->","yoast_head_json":{"title":"Kapcsolat - E\u00f6tv\u00f6s Kiad\u00f3","description":"El\u00e9rhet\u0151s\u00e9gek: K\u00f6nyvesbolt c\u00edme: 1053 Budapest, Kecskem\u00e9ti utca 10-12.; Kiad\u00f3 c\u00edme: 1088 Budapest, M\u00fazeum krt. 4.Ifj\u00fas\u00e1gi \u00c9p\u00fclet, mfszt.","robots":{"index":"index","follow":"follow","max-snippet":"max-snippet:-1","max-image-preview":"max-image-preview:large","max-video-preview":"max-video-preview:-1"},"canonical":"https:\/\/eotvoskiado.hu\/index.php\/konyvesbolt-es-kiado-elerhetosegei\/","og_locale":"hu_HU","og_type":"article","og_title":"Kapcsolat - E\u00f6tv\u00f6s Kiad\u00f3","og_description":"El\u00e9rhet\u0151s\u00e9gek: K\u00f6nyvesbolt c\u00edme: 1053 Budapest, Kecskem\u00e9ti utca 10-12.; Kiad\u00f3 c\u00edme: 1088 Budapest, M\u00fazeum krt. 4.Ifj\u00fas\u00e1gi \u00c9p\u00fclet, mfszt.","og_url":"https:\/\/eotvoskiado.hu\/index.php\/konyvesbolt-es-kiado-elerhetosegei\/","og_site_name":"E\u00f6tv\u00f6s Kiad\u00f3","article_publisher":"https:\/\/www.facebook.com\/eotvoskiado","article_modified_time":"2025-07-10T14:40:37+00:00","twitter_card":"summary_large_image","twitter_misc":{"Becs\u00fclt olvas\u00e1si id\u0151":"1 perc"},"schema":{"@context":"https:\/\/schema.org","@graph":[{"@type":"WebPage","@id":"https:\/\/eotvoskiado.hu\/index.php\/konyvesbolt-es-kiado-elerhetosegei\/","url":"https:\/\/eotvoskiado.hu\/index.php\/konyvesbolt-es-kiado-elerhetosegei\/","name":"Kapcsolat - E\u00f6tv\u00f6s Kiad\u00f3","isPartOf":{"@id":"https:\/\/eotvoskiado.hu\/#website"},"datePublished":"2016-06-24T12:08:02+00:00","dateModified":"2025-07-10T14:40:37+00:00","description":"El\u00e9rhet\u0151s\u00e9gek: K\u00f6nyvesbolt c\u00edme: 1053 Budapest, Kecskem\u00e9ti utca 10-12.; Kiad\u00f3 c\u00edme: 1088 Budapest, M\u00fazeum krt. 4.Ifj\u00fas\u00e1gi \u00c9p\u00fclet, mfszt.","breadcrumb":{"@id":"https:\/\/eotvoskiado.hu\/index.php\/konyvesbolt-es-kiado-elerhetosegei\/#breadcrumb"},"inLanguage":"hu","potentialAction":[{"@type":"ReadAction","target":["https:\/\/eotvoskiado.hu\/index.php\/konyvesbolt-es-kiado-elerhetosegei\/"]}]},{"@type":"BreadcrumbList","@id":"https:\/\/eotvoskiado.hu\/index.php\/konyvesbolt-es-kiado-elerhetosegei\/#breadcrumb","itemListElement":[{"@type":"ListItem","position":1,"name":"F\u0151oldal","item":"https:\/\/eotvoskiado.hu\/"},{"@type":"ListItem","position":2,"name":"Kapcsolat"}]},{"@type":"WebSite","@id":"https:\/\/eotvoskiado.hu\/#website","url":"https:\/\/eotvoskiado.hu\/","name":"E\u00f6tv\u00f6s Kiad\u00f3","description":"Az ELTE hivatalos k\u00f6nyvkiad\u00f3ja","publisher":{"@id":"https:\/\/eotvoskiado.hu\/#organization"},"potentialAction":[{"@type":"SearchAction","target":{"@type":"EntryPoint","urlTemplate":"https:\/\/eotvoskiado.hu\/?s={search_term_string}"},"query-input":{"@type":"PropertyValueSpecification","valueRequired":true,"valueName":"search_term_string"}}],"inLanguage":"hu"},{"@type":"Organization","@id":"https:\/\/eotvoskiado.hu\/#organization","name":"E\u00f6tv\u00f6s Kiad\u00f3","url":"https:\/\/eotvoskiado.hu\/","logo":{"@type":"ImageObject","inLanguage":"hu","@id":"https:\/\/eotvoskiado.hu\/#\/schema\/logo\/image\/","url":"https:\/\/eotvoskiado.hu\/wp-content\/uploads\/2023\/11\/elte_eotvos_kiado_nyomdai_cmyk_fekvo_logo_kek.png","contentUrl":"https:\/\/eotvoskiado.hu\/wp-content\/uploads\/2023\/11\/elte_eotvos_kiado_nyomdai_cmyk_fekvo_logo_kek.png","width":4249,"height":1174,"caption":"E\u00f6tv\u00f6s Kiad\u00f3"},"image":{"@id":"https:\/\/eotvoskiado.hu\/#\/schema\/logo\/image\/"},"sameAs":["https:\/\/www.facebook.com\/eotvoskiado"]}]}},"_links":{"self":[{"href":"https:\/\/eotvoskiado.hu\/index.php\/wp-json\/wp\/v2\/pages\/11850","targetHints":{"allow":["GET"]}}],"collection":[{"href":"https:\/\/eotvoskiado.hu\/index.php\/wp-json\/wp\/v2\/pages"}],"about":[{"href":"https:\/\/eotvoskiado.hu\/index.php\/wp-json\/wp\/v2\/types\/page"}],"author":[{"embeddable":true,"href":"https:\/\/eotvoskiado.hu\/index.php\/wp-json\/wp\/v2\/users\/2"}],"replies":[{"embeddable":true,"href":"https:\/\/eotvoskiado.hu\/index.php\/wp-json\/wp\/v2\/comments?post=11850"}],"version-history":[{"count":7,"href":"https:\/\/eotvoskiado.hu\/index.php\/wp-json\/wp\/v2\/pages\/11850\/revisions"}],"predecessor-version":[{"id":16019,"href":"https:\/\/eotvoskiado.hu\/index.php\/wp-json\/wp\/v2\/pages\/11850\/revisions\/16019"}],"wp:attachment":[{"href":"https:\/\/eotvoskiado.hu\/index.php\/wp-json\/wp\/v2\/media?parent=11850"}],"curies":[{"name":"wp","href":"https:\/\/api.w.org\/{rel}","templated":true}]}}