{"id":15297,"date":"2022-12-19T07:22:38","date_gmt":"2022-12-19T07:22:38","guid":{"rendered":"https:\/\/eotvoskiado.hu\/?page_id=15297"},"modified":"2023-11-10T11:27:26","modified_gmt":"2023-11-10T09:27:26","slug":"a-kiadoi-munkafolyamatok","status":"publish","type":"page","link":"https:\/\/eotvoskiado.hu\/index.php\/a-kiadoi-munkafolyamatok\/","title":{"rendered":"A kiad\u00f3i munkafolyamatok"},"content":{"rendered":"<div id=\"cmsmasters_row_ml2c96lswf\" class=\"cmsmasters_row cmsmasters_color_scheme_default cmsmasters_row_top_default cmsmasters_row_bot_default cmsmasters_row_boxed\">\n<div class=\"cmsmasters_row_outer_parent\">\n<div class=\"cmsmasters_row_outer\">\n<div class=\"cmsmasters_row_inner\">\n<div class=\"cmsmasters_row_margin\">\n<div id=\"cmsmasters_column_lueai1q22c\" class=\"cmsmasters_column one_first\">\n<div class=\"cmsmasters_column_inner\"><div class=\"cmsmasters_text\">\n<p>Szakembereink munk\u00e1j\u00e1nak k\u00f6sz\u00f6nhet\u0151en az ELTE E\u00f6tv\u00f6s Kiad\u00f3 gondoz\u00e1s\u00e1ban megjelen\u0151 k\u00f6nyvek kimagasl\u00f3 szakmai sz\u00ednvonalat \u00e9s min\u0151s\u00e9get k\u00e9pviselnek.<\/p>\n<p><strong>A kiad\u00f3i munk\u00e1latok <\/strong>\u2013 nyomdai kivitelez\u00e9s n\u00e9lk\u00fcl sz\u00e1m\u00edtva \u2013 <strong>minimum 12 hetet vesznek ig\u00e9nybe <\/strong>kiadv\u00e1nyonk\u00e9nt. A nyomdai kivitelez\u00e9s \u00e1tfut\u00e1si ideje 10\u201317 nap, f\u00fcgg\u0151en a k\u00f6tet terje\u00ad delm\u00e9t\u0151l, p\u00e9ld\u00e1nysz\u00e1m\u00e1t\u00f3l \u00e9s egy\u00e9b m\u0171szaki param\u00e9tereit\u0151l (pl. kem\u00e9ny vs. puha k\u00f6t\u00e9s).<\/p>\n<p>A kiad\u00f3i munka hossza nagym\u00e9rt\u00e9kben f\u00fcgg a k\u00e9zirat el\u0151k\u00e9sz\u00edtetts\u00e9gi fok\u00e1t\u00f3l, bonyolults\u00e1g\u00e1t\u00f3l \u00e9s terjedelm\u00e9t\u0151l.<\/p>\n<p>A kiad\u00f3i munka az al\u00e1bbi munkaf\u00e1zisokb\u00f3l \u00e1ll:<\/p>\n<\/div>\n<div class=\"cmsmasters_tabs tabs_mode_tour tabs_pos_left\" data-animation=\"fadeInLeft\" data-delay=\"0\">\n<ul class=\"cmsmasters_tabs_list\">\n<li id=\"cmsmasters_tabs_list_item_v1xuvw1eju\" class=\"cmsmasters_tabs_list_item\">\n<a href=\"#\">\n<span>El\u0151zetes kiad\u00f3i ellen\u0151rz\u00e9s, konzult\u00e1ci\u00f3<\/span>\n<\/a>\n<\/li><li id=\"cmsmasters_tabs_list_item_rkaqc6fh7\" class=\"cmsmasters_tabs_list_item\">\n<a href=\"#\">\n<span>Els\u0151 korrekt\u00fara (tartalmi)<\/span>\n<\/a>\n<\/li><li id=\"cmsmasters_tabs_list_item_n54n0jtg89\" class=\"cmsmasters_tabs_list_item\">\n<a href=\"#\">\n<span>Els\u0151 szerz\u0151i \u00e1tn\u00e9z\u00e9s<\/span>\n<\/a>\n<\/li><li id=\"cmsmasters_tabs_list_item_699r9g9p2j\" class=\"cmsmasters_tabs_list_item\">\n<a href=\"#\">\n<span>Els\u0151 kiad\u00f3i ellen\u0151rz\u00e9s<\/span>\n<\/a>\n<\/li><li id=\"cmsmasters_tabs_list_item_8ll0m7teo\" class=\"cmsmasters_tabs_list_item\">\n<a href=\"#\">\n<span>ISBN\/ISSN<\/span>\n<\/a>\n<\/li><li id=\"cmsmasters_tabs_list_item_dwesiwhpub\" class=\"cmsmasters_tabs_list_item\">\n<a href=\"#\">\n<span>Bor\u00edt\u00f3tervez\u00e9s<\/span>\n<\/a>\n<\/li><li id=\"cmsmasters_tabs_list_item_z8veiokuqx\" class=\"cmsmasters_tabs_list_item\">\n<a href=\"#\">\n<span>M\u0171szaki szerkeszt\u00e9s<\/span>\n<\/a>\n<\/li><li id=\"cmsmasters_tabs_list_item_4pgdmehx9\" class=\"cmsmasters_tabs_list_item\">\n<a href=\"#\">\n<span>M\u00e1sodik korrekt\u00fara (formai)<\/span>\n<\/a>\n<\/li><li id=\"cmsmasters_tabs_list_item_8j3ps31y9b\" class=\"cmsmasters_tabs_list_item\">\n<a href=\"#\">\n<span>Imprim\u00e1l\u00e1s<\/span>\n<\/a>\n<\/li><li id=\"cmsmasters_tabs_list_item_tbo0o9az6r\" class=\"cmsmasters_tabs_list_item current_tab\">\n<a href=\"#\">\n<span>Nyomdai kivitelez\u00e9s, sz\u00e1ll\u00edt\u00e1s<\/span>\n<\/a>\n<\/li><\/ul>\n<div class=\"cmsmasters_tabs_wrap\">\n<div id=\"cmsmasters_tab_v1xuvw1eju\" class=\"cmsmasters_tab\">\n<div class=\"cmsmasters_tab_inner\">\n<h5>El\u0151sz\u0171r\u00e9s, a k\u00e9zirat ellen\u0151rz\u00e9se<\/h5>\n<p>A k\u00e9zirat be\u00e9rkeztekor megt\u00f6rt\u00e9nik annak \u201enulladik\u201d \u00e1tn\u00e9z\u00e9se, el\u0151sz\u0171r\u00e9se. Amennyiben a k\u00e9zirat nem teljes\u00edti az alapvet\u0151 formai elv\u00e1r\u00e1sokat \u00e9s\/vagy a sz\u00f6veggondoz\u00e1s minim\u00e1lfelt\u00e9teleit, esetleg nem felel meg az adott tudom\u00e1nyter\u00fclett\u0151l elv\u00e1rhat\u00f3 szakmai alapelveknek, vagy egy\u00e9b okb\u00f3l nem befogadhat\u00f3, a kiad\u00f3 a szerz\u0151\/szerkeszt\u0151 fel\u00e9 jelzi az anom\u00e1li\u00e1(ka)t, \u00e9s r\u00f6vid indokl\u00e1ssal visszak\u00fcldheti a k\u00e9ziratot, k\u00e9rheti esetleg a k\u00e9pi \u00e1llom\u00e1ny \u00fajrak\u00fcld\u00e9s\u00e9t\/form\u00e1tumm\u00f3dos\u00edt\u00e1s\u00e1t is.<\/p>\n<h5>Projektind\u00edt\u00f3 megbesz\u00e9l\u00e9s<\/h5>\n<p>Amennyiben a k\u00e9zirat min\u0151s\u00e9g\u00e9t tekintve befogadhat\u00f3, \u00fagy az el\u0151zetes ellen\u0151rz\u00e9s ut\u00e1n projekt\u00ad ind\u00edt\u00f3 megbesz\u00e9l\u00e9sre ker\u00fcl sor. Ennek sor\u00e1n (a kiad\u00f3 r\u00e9sz\u00e9r\u0151l) a projektvezet\u0151, a kiad\u00f3i szer\u00ad keszt\u0151, illetve a grafikus\/m\u0171szaki vezet\u0151 \u00e9s (szerz\u0151i r\u00e9szr\u0151l) a kiadv\u00e1ny szerz\u0151je\/szerz\u0151i vagy szerkeszt\u0151je\/szerkeszt\u0151i egyeztetik a k\u00e9sz\u00fcl\u0151 k\u00f6nyv bels\u0151 logik\u00e1j\u00e1t, a szerz\u0151i elk\u00e9pzel\u00e9seket, elv\u00e1r\u00e1sokat \u2013 mind a tipogr\u00e1fi\u00e1ra, mind a sz\u00f6veg fel\u00e9p\u00edtetts\u00e9g\u00e9re vonatkoz\u00f3an.<\/p>\n<\/div>\n<\/div><div id=\"cmsmasters_tab_rkaqc6fh7\" class=\"cmsmasters_tab\">\n<div class=\"cmsmasters_tab_inner\">\n<p>A befogadott k\u00e9zirat (Word\u00addokumentum, sz\u00fcks\u00e9g eset\u00e9n az ezt kieg\u00e9sz\u00edt\u0151 PDF) sz\u00f6veggondo\u00ad z\u00e1sra ker\u00fcl, melynek sor\u00e1n szakk\u00e9pzett korrektorunk nyelvi, helyes\u00edr\u00e1si, nyelvhelyess\u00e9gi szem\u00ad pontb\u00f3l, a Word korrekt\u00farajeleinek haszn\u00e1lat\u00e1val jav\u00edtja az anyagot, illetve kiemeli a k\u00e9zirat azon r\u00e9szeit, amelyek pontos\u00edt\u00e1sra\/kieg\u00e9sz\u00edt\u00e9sre szorulnak.<\/p>\n<p>Amennyiben indokoltnak t\u0171nik, a korrektor\/szerkeszt\u0151 nyelvi\u00adstilisztikai javaslatokat is tehet, a szerz\u0151\/szerkeszt\u0151 bel\u00e1t\u00e1s\u00e1ra b\u00edzva azok m\u00e9rlegel\u00e9s\u00e9t, elfogad\u00e1s\u00e1t\/elvet\u00e9s\u00e9t.<\/p>\n<p>Indokolt esetben tov\u00e1bbi struktur\u00e1lis v\u00e1ltoztat\u00e1sokat, m\u00f3dos\u00edt\u00e1sokat, kieg\u00e9sz\u00edt\u00e9seket is tartal\u00ad mazhat a korrekt\u00fara, szint\u00e9n a szerz\u0151h\u00f6z\/szerkeszt\u0151h\u00f6z int\u00e9zett javaslat\/k\u00e9rd\u00e9s form\u00e1j\u00e1ban.<\/p>\n<\/div>\n<\/div><div id=\"cmsmasters_tab_n54n0jtg89\" class=\"cmsmasters_tab\">\n<div class=\"cmsmasters_tab_inner\">\n<p>Korrekt\u00fara ut\u00e1n a k\u00e9zirat visszaker\u00fcl a szerz\u0151h\u00f6z\/szerkeszt\u0151h\u00f6z, akinek a feladata: a korrekt\u00fara\u00ad jelek elfogad\u00e1sa; a megjegyz\u00e9sek t\u00f6rl\u00e9se, az elfogadott m\u00f3dos\u00edt\u00e1sok \u00e1tvezet\u00e9se; sz\u00fcks\u00e9g eset\u00e9n az anyag pontos\u00edt\u00e1sa, kieg\u00e9sz\u00edt\u00e9se, v\u00e9gleges\u00edt\u00e9se. A szerz\u0151\/szerkeszt\u0151 minden tov\u00e1bbi form\u00e1z\u00e1st, jav\u00edt\u00e1st, kieg\u00e9sz\u00edt\u00e9st k\u00f6telez\u0151en a Word \u2019v\u00e1ltoz\u00e1sok k\u00f6vet\u00e9se\u2019 funkci\u00f3ja akt\u00edv haszn\u00e1lata mellett tehet meg.<\/p>\n<\/div>\n<\/div><div id=\"cmsmasters_tab_699r9g9p2j\" class=\"cmsmasters_tab\">\n<div class=\"cmsmasters_tab_inner\">\n<p>A kiad\u00f3ba vissza\u00e9rkez\u0151 k\u00e9ziratot szerkeszt\u0151s\u00e9g\u00fcnk ellen\u0151rzi, \u00edgy t\u00f6rdel\u00e9sre m\u00e1r v\u00e9gleges, egys\u00e9\u00ad ges, a kiad\u00f3i elv\u00e1r\u00e1soknak minden szempontb\u00f3l megfelel\u0151 anyag ker\u00fcl.<\/p>\n<\/div>\n<\/div><div id=\"cmsmasters_tab_8ll0m7teo\" class=\"cmsmasters_tab\">\n<div class=\"cmsmasters_tab_inner\">\n<p>Az Orsz\u00e1gos Sz\u00e9chenyi K\u00f6nyvt\u00e1rt\u00f3l (OSZK) a kiad\u00f3 megk\u00e9ri a k\u00f6tet ISBN\u00adazonos\u00edt\u00f3j\u00e1t, soroza\u00ad tok eset\u00e9n ISSN\u00adazonos\u00edt\u00f3j\u00e1t. Kiad\u00f3nk gondoskodik a 6 db k\u00f6telesp\u00e9ld\u00e1ny OSZK r\u00e9sz\u00e9re t\u00f6rt\u00e9n\u0151 besz\u00e1ll\u00edt\u00e1s\u00e1r\u00f3l, elektronikus kiadv\u00e1nyok eset\u00e9n azok felt\u00f6lt\u00e9s\u00e9r\u0151l.<\/p>\n<\/div>\n<\/div><div id=\"cmsmasters_tab_dwesiwhpub\" class=\"cmsmasters_tab\">\n<div class=\"cmsmasters_tab_inner\">\n<p>A k\u00f6nyvek bor\u00edt\u00f3terv\u00e9t a kiad\u00f3 grafikusa k\u00e9sz\u00edti, szoros egy\u00fcttm\u0171k\u00f6d\u00e9sben a szerz\u0151vel\/szer\u00ad keszt\u0151vel. A kiad\u00f3i munk\u00e1k indul\u00e1sakor felk\u00e9rj\u00fck a szerz\u0151t a f\u00fclsz\u00f6veg elk\u00e9sz\u00edt\u00e9s\u00e9re. Mindennek a r\u00e9szleteit a legc\u00e9lszer\u0171bb a projektind\u00edt\u00f3 megbesz\u00e9l\u00e9s alkalm\u00e1val megbesz\u00e9lni.<\/p>\n<\/div>\n<\/div><div id=\"cmsmasters_tab_z8veiokuqx\" class=\"cmsmasters_tab\">\n<div class=\"cmsmasters_tab_inner\">\n<p>A kiad\u00f3 elk\u00e9sz\u00edti a k\u00f6tet tipogr\u00e1fiai terv\u00e9t (m\u00e9ret, bet\u0171t\u00edpus, t\u00fck\u00f6r, c\u00edmnegyed stb.).<\/p>\n<h5>Els\u0151 t\u00f6rdel\u00e9s<\/h5>\n<p>A megadott technikai param\u00e9terek alapj\u00e1n t\u00f6rdel\u0151nk elk\u00e9sz\u00edti az els\u0151 t\u00f6rdelt v\u00e1ltozatot.<\/p>\n<h5>Els\u0151 m\u0171szaki ellen\u0151rz\u00e9s<\/h5>\n<p>A m\u0171szaki ellen\u0151rz\u00e9s sor\u00e1n meggy\u0151z\u0151d\u00fcnk r\u00f3la, hogy az elk\u00e9sz\u00fclt bel\u00edvek tipogr\u00e1fi\u00e1ja \u00e9s szerkezete az elv\u00e1r\u00e1soknak megfelel\u0151 \u2013 amennyiben sz\u00fcks\u00e9ges, jav\u00edtjuk\/igaz\u00edtjuk a k\u00f6nyvet.<\/p>\n<\/div>\n<\/div><div id=\"cmsmasters_tab_4pgdmehx9\" class=\"cmsmasters_tab\">\n<div class=\"cmsmasters_tab_inner\">\n<p>A m\u00e1sodik korrekt\u00farak\u00f6r sor\u00e1n korrektorunk egy adott szempontrendszer alapj\u00e1n formailag ellen\u0151rzi a t\u00f6rdelt v\u00e1ltozatot.<\/p>\n<h5>M\u00e1sodik kiad\u00f3i ellen\u0151rz\u00e9s<\/h5>\n<p>Szerkeszt\u0151nk ellen\u0151rzi az elv\u00e9gzett jav\u00edt\u00e1sokat, sz\u00fcks\u00e9g eset\u00e9n tov\u00e1bbi jav\u00edt\u00e1sokat v\u00e9gez.<\/p>\n<h5>M\u00e1sodik t\u00f6rdel\u00e9s<\/h5>\n<p>A m\u00e1sodik korrekt\u00farak\u00f6r eredm\u00e9nyek\u00e9nt el\u0151\u00e1ll\u00f3 PDF-\u00adf\u00e1jl alapj\u00e1n t\u00f6rdel\u0151nk m\u00f3dos\u00edtja az anyagot.<\/p>\n<h5>M\u00e1sodik m\u0171szaki ellen\u0151rz\u00e9s<\/h5>\n<p>M\u0171szaki vezet\u0151nk ellen\u0151rzi, hogy valamennyi jav\u00edt\u00e1s \u00e1tvezet\u00e9sre ker\u00fclt\u00ade.<\/p>\n<\/div>\n<\/div><div id=\"cmsmasters_tab_8j3ps31y9b\" class=\"cmsmasters_tab\">\n<div class=\"cmsmasters_tab_inner\">\n<h5>Kiad\u00f3i imprim\u00e1l\u00e1s<\/h5>\n<p>A felel\u0151s szerkeszt\u0151 ellen\u0151rzi a v\u00e9gleges elektronikus anyagot \u00e9s a bor\u00edt\u00f3t.<\/p>\n<h5>Szerz\u0151i imprim\u00e1l\u00e1s<\/h5>\n<p>A szerz\u0151 ellen\u0151rzi a v\u00e9gleges elektronikus anyagot \u00e9s a bor\u00edt\u00f3t, lev\u00e9lben meger\u0151s\u00edtett j\u00f3v\u00e1\u00ad hagy\u00e1s\u00e1val (szignat\u00far\u00e1j\u00e1val) jelzi, hogy a k\u00f6nyv nyomd\u00e1ba adhat\u00f3<\/p>\n<\/div>\n<\/div><div id=\"cmsmasters_tab_tbo0o9az6r\" class=\"cmsmasters_tab active_tab\">\n<div class=\"cmsmasters_tab_inner\">\n<p>Kiad\u00f3nk \u00e9vek \u00f3ta megb\u00edzhat\u00f3, kipr\u00f3b\u00e1lt ofszet \u00e9s digit\u00e1lis nyomd\u00e1kkal dolgozik. A k\u00f6nyvekr\u0151l minden esetben szemle\u00edvet kapunk, amelynek j\u00f3v\u00e1hagy\u00e1sa ut\u00e1n a nyomda elk\u00e9sz\u00edti a megrendel\u00e9st.<\/p>\n<h5>Sz\u00e1ll\u00edt\u00e1s<\/h5>\n<p>Kiad\u00f3i min\u0151s\u00e9gellen\u0151rz\u00e9s ut\u00e1n, a megrendel\u0151vel el\u0151re egyeztetett id\u0151pontban a megadott c\u00edmre lesz\u00e1ll\u00edtjuk az elk\u00e9sz\u00fclt k\u00f6nyveket. Kisebb mennyis\u00e9g eset\u00e9n a k\u00f6nyv a kiad\u00f3ban vehet\u0151 \u00e1t.<\/p>\n<\/div>\n<\/div><\/div>\n<\/div>\n<\/div><\/div>\n<\/div>\n<\/div>\n<\/div>\n<\/div>\n<\/div>\n<div id=\"cmsmasters_row_s0wcxh1z7\" class=\"cmsmasters_row cmsmasters_color_scheme_default cmsmasters_row_top_default cmsmasters_row_bot_default cmsmasters_row_boxed\">\n<div class=\"cmsmasters_row_outer_parent\">\n<div class=\"cmsmasters_row_outer\">\n<div class=\"cmsmasters_row_inner\">\n<div class=\"cmsmasters_row_margin\">\n<div id=\"cmsmasters_column_1vh7n3m7xm\" class=\"cmsmasters_column one_first\">\n<div class=\"cmsmasters_column_inner\"><\/div><\/div>\n<\/div>\n<\/div>\n<\/div>\n<\/div>\n<\/div>\n\n","protected":false},"excerpt":{"rendered":"Szakembereink munk\u00e1j\u00e1nak k\u00f6sz\u00f6nhet\u0151en az ELTE E\u00f6tv\u00f6s Kiad\u00f3 gondoz\u00e1s\u00e1ban megjelen\u0151 k\u00f6nyvek kimagasl\u00f3 szakmai sz\u00ednvonalat \u00e9s min\u0151s\u00e9get k\u00e9pviselnek. A kiad\u00f3i munk\u00e1latok \u2013 nyomdai kivitelez\u00e9s n\u00e9lk\u00fcl sz\u00e1m\u00edtva \u2013 minimum 12 hetet vesznek ig\u00e9nybe...","protected":false},"author":2,"featured_media":0,"parent":0,"menu_order":0,"comment_status":"closed","ping_status":"closed","template":"","meta":{"_monsterinsights_skip_tracking":false,"_monsterinsights_sitenote_active":false,"_monsterinsights_sitenote_note":"","_monsterinsights_sitenote_category":0,"footnotes":""},"class_list":["post-15297","page","type-page","status-publish","hentry"],"yoast_head":"<!-- This site is optimized with the Yoast SEO plugin v25.4 - https:\/\/yoast.com\/wordpress\/plugins\/seo\/ -->\n<title>A kiad\u00f3i munkafolyamatok - E\u00f6tv\u00f6s Kiad\u00f3<\/title>\n<meta name=\"description\" content=\"Az ELTE E\u00f6tv\u00f6s Kiad\u00f3 gondoz\u00e1s\u00e1ban megjelen\u0151 k\u00f6nyvek kimagasl\u00f3 szakmai sz\u00ednvonalat \u00e9s min\u0151s\u00e9get k\u00e9pviselnek.\" \/>\n<meta name=\"robots\" content=\"index, follow, max-snippet:-1, max-image-preview:large, max-video-preview:-1\" \/>\n<link rel=\"canonical\" href=\"https:\/\/eotvoskiado.hu\/index.php\/a-kiadoi-munkafolyamatok\/\" \/>\n<meta property=\"og:locale\" content=\"hu_HU\" \/>\n<meta property=\"og:type\" content=\"article\" \/>\n<meta property=\"og:title\" content=\"A kiad\u00f3i munkafolyamatok - E\u00f6tv\u00f6s Kiad\u00f3\" \/>\n<meta property=\"og:description\" content=\"Az ELTE E\u00f6tv\u00f6s Kiad\u00f3 gondoz\u00e1s\u00e1ban megjelen\u0151 k\u00f6nyvek kimagasl\u00f3 szakmai sz\u00ednvonalat \u00e9s min\u0151s\u00e9get k\u00e9pviselnek.\" \/>\n<meta property=\"og:url\" content=\"https:\/\/eotvoskiado.hu\/index.php\/a-kiadoi-munkafolyamatok\/\" \/>\n<meta property=\"og:site_name\" content=\"E\u00f6tv\u00f6s Kiad\u00f3\" \/>\n<meta property=\"article:publisher\" content=\"https:\/\/www.facebook.com\/eotvoskiado\" \/>\n<meta property=\"article:modified_time\" content=\"2023-11-10T09:27:26+00:00\" \/>\n<meta name=\"twitter:card\" content=\"summary_large_image\" \/>\n<meta name=\"twitter:label1\" content=\"Becs\u00fclt olvas\u00e1si id\u0151\" \/>\n\t<meta name=\"twitter:data1\" content=\"4 perc\" \/>\n<script type=\"application\/ld+json\" class=\"yoast-schema-graph\">{\"@context\":\"https:\/\/schema.org\",\"@graph\":[{\"@type\":\"WebPage\",\"@id\":\"https:\/\/eotvoskiado.hu\/index.php\/a-kiadoi-munkafolyamatok\/\",\"url\":\"https:\/\/eotvoskiado.hu\/index.php\/a-kiadoi-munkafolyamatok\/\",\"name\":\"A kiad\u00f3i munkafolyamatok - E\u00f6tv\u00f6s Kiad\u00f3\",\"isPartOf\":{\"@id\":\"https:\/\/eotvoskiado.hu\/#website\"},\"datePublished\":\"2022-12-19T07:22:38+00:00\",\"dateModified\":\"2023-11-10T09:27:26+00:00\",\"description\":\"Az ELTE E\u00f6tv\u00f6s Kiad\u00f3 gondoz\u00e1s\u00e1ban megjelen\u0151 k\u00f6nyvek kimagasl\u00f3 szakmai sz\u00ednvonalat \u00e9s min\u0151s\u00e9get k\u00e9pviselnek.\",\"breadcrumb\":{\"@id\":\"https:\/\/eotvoskiado.hu\/index.php\/a-kiadoi-munkafolyamatok\/#breadcrumb\"},\"inLanguage\":\"hu\",\"potentialAction\":[{\"@type\":\"ReadAction\",\"target\":[\"https:\/\/eotvoskiado.hu\/index.php\/a-kiadoi-munkafolyamatok\/\"]}]},{\"@type\":\"BreadcrumbList\",\"@id\":\"https:\/\/eotvoskiado.hu\/index.php\/a-kiadoi-munkafolyamatok\/#breadcrumb\",\"itemListElement\":[{\"@type\":\"ListItem\",\"position\":1,\"name\":\"F\u0151oldal\",\"item\":\"https:\/\/eotvoskiado.hu\/\"},{\"@type\":\"ListItem\",\"position\":2,\"name\":\"A kiad\u00f3i munkafolyamatok\"}]},{\"@type\":\"WebSite\",\"@id\":\"https:\/\/eotvoskiado.hu\/#website\",\"url\":\"https:\/\/eotvoskiado.hu\/\",\"name\":\"E\u00f6tv\u00f6s Kiad\u00f3\",\"description\":\"Az ELTE hivatalos k\u00f6nyvkiad\u00f3ja\",\"publisher\":{\"@id\":\"https:\/\/eotvoskiado.hu\/#organization\"},\"potentialAction\":[{\"@type\":\"SearchAction\",\"target\":{\"@type\":\"EntryPoint\",\"urlTemplate\":\"https:\/\/eotvoskiado.hu\/?s={search_term_string}\"},\"query-input\":{\"@type\":\"PropertyValueSpecification\",\"valueRequired\":true,\"valueName\":\"search_term_string\"}}],\"inLanguage\":\"hu\"},{\"@type\":\"Organization\",\"@id\":\"https:\/\/eotvoskiado.hu\/#organization\",\"name\":\"E\u00f6tv\u00f6s Kiad\u00f3\",\"url\":\"https:\/\/eotvoskiado.hu\/\",\"logo\":{\"@type\":\"ImageObject\",\"inLanguage\":\"hu\",\"@id\":\"https:\/\/eotvoskiado.hu\/#\/schema\/logo\/image\/\",\"url\":\"https:\/\/eotvoskiado.hu\/wp-content\/uploads\/2023\/11\/elte_eotvos_kiado_nyomdai_cmyk_fekvo_logo_kek.png\",\"contentUrl\":\"https:\/\/eotvoskiado.hu\/wp-content\/uploads\/2023\/11\/elte_eotvos_kiado_nyomdai_cmyk_fekvo_logo_kek.png\",\"width\":4249,\"height\":1174,\"caption\":\"E\u00f6tv\u00f6s Kiad\u00f3\"},\"image\":{\"@id\":\"https:\/\/eotvoskiado.hu\/#\/schema\/logo\/image\/\"},\"sameAs\":[\"https:\/\/www.facebook.com\/eotvoskiado\"]}]}<\/script>\n<!-- \/ Yoast SEO plugin. -->","yoast_head_json":{"title":"A kiad\u00f3i munkafolyamatok - E\u00f6tv\u00f6s Kiad\u00f3","description":"Az ELTE E\u00f6tv\u00f6s Kiad\u00f3 gondoz\u00e1s\u00e1ban megjelen\u0151 k\u00f6nyvek kimagasl\u00f3 szakmai sz\u00ednvonalat \u00e9s min\u0151s\u00e9get k\u00e9pviselnek.","robots":{"index":"index","follow":"follow","max-snippet":"max-snippet:-1","max-image-preview":"max-image-preview:large","max-video-preview":"max-video-preview:-1"},"canonical":"https:\/\/eotvoskiado.hu\/index.php\/a-kiadoi-munkafolyamatok\/","og_locale":"hu_HU","og_type":"article","og_title":"A kiad\u00f3i munkafolyamatok - E\u00f6tv\u00f6s Kiad\u00f3","og_description":"Az ELTE E\u00f6tv\u00f6s Kiad\u00f3 gondoz\u00e1s\u00e1ban megjelen\u0151 k\u00f6nyvek kimagasl\u00f3 szakmai sz\u00ednvonalat \u00e9s min\u0151s\u00e9get k\u00e9pviselnek.","og_url":"https:\/\/eotvoskiado.hu\/index.php\/a-kiadoi-munkafolyamatok\/","og_site_name":"E\u00f6tv\u00f6s Kiad\u00f3","article_publisher":"https:\/\/www.facebook.com\/eotvoskiado","article_modified_time":"2023-11-10T09:27:26+00:00","twitter_card":"summary_large_image","twitter_misc":{"Becs\u00fclt olvas\u00e1si id\u0151":"4 perc"},"schema":{"@context":"https:\/\/schema.org","@graph":[{"@type":"WebPage","@id":"https:\/\/eotvoskiado.hu\/index.php\/a-kiadoi-munkafolyamatok\/","url":"https:\/\/eotvoskiado.hu\/index.php\/a-kiadoi-munkafolyamatok\/","name":"A kiad\u00f3i munkafolyamatok - E\u00f6tv\u00f6s Kiad\u00f3","isPartOf":{"@id":"https:\/\/eotvoskiado.hu\/#website"},"datePublished":"2022-12-19T07:22:38+00:00","dateModified":"2023-11-10T09:27:26+00:00","description":"Az ELTE E\u00f6tv\u00f6s Kiad\u00f3 gondoz\u00e1s\u00e1ban megjelen\u0151 k\u00f6nyvek kimagasl\u00f3 szakmai sz\u00ednvonalat \u00e9s min\u0151s\u00e9get k\u00e9pviselnek.","breadcrumb":{"@id":"https:\/\/eotvoskiado.hu\/index.php\/a-kiadoi-munkafolyamatok\/#breadcrumb"},"inLanguage":"hu","potentialAction":[{"@type":"ReadAction","target":["https:\/\/eotvoskiado.hu\/index.php\/a-kiadoi-munkafolyamatok\/"]}]},{"@type":"BreadcrumbList","@id":"https:\/\/eotvoskiado.hu\/index.php\/a-kiadoi-munkafolyamatok\/#breadcrumb","itemListElement":[{"@type":"ListItem","position":1,"name":"F\u0151oldal","item":"https:\/\/eotvoskiado.hu\/"},{"@type":"ListItem","position":2,"name":"A kiad\u00f3i munkafolyamatok"}]},{"@type":"WebSite","@id":"https:\/\/eotvoskiado.hu\/#website","url":"https:\/\/eotvoskiado.hu\/","name":"E\u00f6tv\u00f6s Kiad\u00f3","description":"Az ELTE hivatalos k\u00f6nyvkiad\u00f3ja","publisher":{"@id":"https:\/\/eotvoskiado.hu\/#organization"},"potentialAction":[{"@type":"SearchAction","target":{"@type":"EntryPoint","urlTemplate":"https:\/\/eotvoskiado.hu\/?s={search_term_string}"},"query-input":{"@type":"PropertyValueSpecification","valueRequired":true,"valueName":"search_term_string"}}],"inLanguage":"hu"},{"@type":"Organization","@id":"https:\/\/eotvoskiado.hu\/#organization","name":"E\u00f6tv\u00f6s Kiad\u00f3","url":"https:\/\/eotvoskiado.hu\/","logo":{"@type":"ImageObject","inLanguage":"hu","@id":"https:\/\/eotvoskiado.hu\/#\/schema\/logo\/image\/","url":"https:\/\/eotvoskiado.hu\/wp-content\/uploads\/2023\/11\/elte_eotvos_kiado_nyomdai_cmyk_fekvo_logo_kek.png","contentUrl":"https:\/\/eotvoskiado.hu\/wp-content\/uploads\/2023\/11\/elte_eotvos_kiado_nyomdai_cmyk_fekvo_logo_kek.png","width":4249,"height":1174,"caption":"E\u00f6tv\u00f6s Kiad\u00f3"},"image":{"@id":"https:\/\/eotvoskiado.hu\/#\/schema\/logo\/image\/"},"sameAs":["https:\/\/www.facebook.com\/eotvoskiado"]}]}},"_links":{"self":[{"href":"https:\/\/eotvoskiado.hu\/index.php\/wp-json\/wp\/v2\/pages\/15297","targetHints":{"allow":["GET"]}}],"collection":[{"href":"https:\/\/eotvoskiado.hu\/index.php\/wp-json\/wp\/v2\/pages"}],"about":[{"href":"https:\/\/eotvoskiado.hu\/index.php\/wp-json\/wp\/v2\/types\/page"}],"author":[{"embeddable":true,"href":"https:\/\/eotvoskiado.hu\/index.php\/wp-json\/wp\/v2\/users\/2"}],"replies":[{"embeddable":true,"href":"https:\/\/eotvoskiado.hu\/index.php\/wp-json\/wp\/v2\/comments?post=15297"}],"version-history":[{"count":1,"href":"https:\/\/eotvoskiado.hu\/index.php\/wp-json\/wp\/v2\/pages\/15297\/revisions"}],"predecessor-version":[{"id":15873,"href":"https:\/\/eotvoskiado.hu\/index.php\/wp-json\/wp\/v2\/pages\/15297\/revisions\/15873"}],"wp:attachment":[{"href":"https:\/\/eotvoskiado.hu\/index.php\/wp-json\/wp\/v2\/media?parent=15297"}],"curies":[{"name":"wp","href":"https:\/\/api.w.org\/{rel}","templated":true}]}}