{"id":15386,"date":"2022-12-20T12:15:21","date_gmt":"2022-12-20T12:15:21","guid":{"rendered":"https:\/\/eotvoskiado.hu\/?page_id=15386"},"modified":"2025-07-10T16:31:27","modified_gmt":"2025-07-10T14:31:27","slug":"impresszum","status":"publish","type":"page","link":"https:\/\/eotvoskiado.hu\/index.php\/impresszum\/","title":{"rendered":"Impresszum"},"content":{"rendered":"<div id=\"cmsmasters_row_305mi60h7v\" class=\"cmsmasters_row cmsmasters_color_scheme_default cmsmasters_row_top_default cmsmasters_row_bot_default cmsmasters_row_boxed\">\n<div class=\"cmsmasters_row_outer_parent\">\n<div class=\"cmsmasters_row_outer\">\n<div class=\"cmsmasters_row_inner\">\n<div class=\"cmsmasters_row_margin\">\n<div id=\"cmsmasters_column_abe03c8vxn\" class=\"cmsmasters_column one_first\">\n<div class=\"cmsmasters_column_inner\">\n<div id=\"cmsmasters_divider_jvclxldve2\" class=\"cmsmasters_divider cmsmasters_divider_width_long cmsmasters_divider_pos_center\"><\/div>\n<div class=\"cmsmasters_text\">\n<h2 style=\"text-align: center;\">Impresszum<\/h2>\n<\/div>\n\n<div id=\"cmsmasters_divider_l4uorj90xq\" class=\"cmsmasters_divider cmsmasters_divider_width_long cmsmasters_divider_pos_center\"><\/div>\n<div id=\"cmsmasters_fb_3yi10dfoz\" class=\"cmsmasters_featured_block\">\n<div class=\"featured_block_inner\">\n<div class=\"featured_block_text\">\n<h4 style=\"color: #ceaf87;\">ELTE E\u00f6tv\u00f6s Kiad\u00f3 Kft.<\/h4>\n<p style=\"color: #ffffff;\">Sz\u00e9khely: 1088 Budapest, M\u00fazeum krt. 4. Ifj\u00fas\u00e1gi \u00c9p\u00fclet, mfszt.<br \/>\nTelephely: 1053 Budapest, Kecskem\u00e9ti u. 10-12<br \/>\nC\u00e9gjegyz\u00e9ksz\u00e1m: F\u0151v\u00e1rosi T\u00f6rv\u00e9nysz\u00e9k<br \/>\nC\u00e9gb\u00edr\u00f3s\u00e1ga c\u00e9gjegyz\u00e9ksz\u00e1m: 01-09-895788<br \/>\nAd\u00f3sz\u00e1m: 14255856-2-42<\/p>\n<h4 style=\"color: #ceaf87;\">Kapcsolattart\u00f3i adatok:<\/h4>\n<p>\u00dcgyvezet\u0151: Dr. T\u00f3th Tibor J\u00f3zsef<br \/>\nK\u00f6zponti e-mail c\u00edm: <a href=\"mailto:szerkesztoseg@eotvoskiado.hu\">szerkesztoseg@eotvoskiado.hu<\/a><br \/>\nK\u00f6zponti telefonsz\u00e1m: +36-20\/350-2008<br \/>\nK\u00f6nyvesbolt \u00e9s webshop email c\u00edm: <a href=\"mailto:konyvesbolt@eotvoskiado.hu\">konyvesbolt@eotvoskiado.hu<\/a><br \/>\nK\u00f6nyvesbolt \u00e9s webshop telefonsz\u00e1m: +36-20\/566-7867<\/p>\n<h4 style=\"color: #ceaf87;\">T\u00e1rhelyszolg\u00e1ltat\u00f3i adatok:<\/h4>\n<p style=\"color: #ffffff;\">Deninet Kft.<br \/>\nwww.deninet.hu<br \/>\ninfo@deninet.hu<\/p>\n\n<\/div>\n<\/div>\n<\/div>\n<\/div><\/div>\n<\/div>\n<\/div>\n<\/div>\n<\/div>\n<\/div>\n<div id=\"cmsmasters_row_zph8smbk2h\" class=\"cmsmasters_row cmsmasters_color_scheme_default cmsmasters_row_top_default cmsmasters_row_bot_default cmsmasters_row_boxed\">\n<div class=\"cmsmasters_row_outer_parent\">\n<div class=\"cmsmasters_row_outer\">\n<div class=\"cmsmasters_row_inner\">\n<div class=\"cmsmasters_row_margin\">\n<div id=\"cmsmasters_column_ajbumvb8bl\" class=\"cmsmasters_column one_first\">\n<div class=\"cmsmasters_column_inner\"><\/div><\/div>\n<\/div>\n<\/div>\n<\/div>\n<\/div>\n<\/div>\n\n","protected":false},"excerpt":{"rendered":"Impresszum ELTE E\u00f6tv\u00f6s Kiad\u00f3 Kft. Sz\u00e9khely: 1088 Budapest, M\u00fazeum krt. 4. Ifj\u00fas\u00e1gi \u00c9p\u00fclet, mfszt. Telephely: 1053 Budapest, Kecskem\u00e9ti u. 10-12 C\u00e9gjegyz\u00e9ksz\u00e1m: F\u0151v\u00e1rosi T\u00f6rv\u00e9nysz\u00e9k C\u00e9gb\u00edr\u00f3s\u00e1ga c\u00e9gjegyz\u00e9ksz\u00e1m: 01-09-895788 Ad\u00f3sz\u00e1m: 14255856-2-42 Kapcsolattart\u00f3i adatok:...","protected":false},"author":2,"featured_media":0,"parent":0,"menu_order":0,"comment_status":"closed","ping_status":"closed","template":"","meta":{"_monsterinsights_skip_tracking":false,"_monsterinsights_sitenote_active":false,"_monsterinsights_sitenote_note":"","_monsterinsights_sitenote_category":0,"footnotes":""},"class_list":["post-15386","page","type-page","status-publish","hentry"],"yoast_head":"<!-- This site is optimized with the Yoast SEO plugin v25.4 - https:\/\/yoast.com\/wordpress\/plugins\/seo\/ -->\n<title>Impresszum - E\u00f6tv\u00f6s Kiad\u00f3<\/title>\n<meta name=\"description\" content=\"ELTE E\u00f6tv\u00f6s Kiad\u00f3 Kft. legfontosabb adatai\" \/>\n<meta name=\"robots\" content=\"index, follow, max-snippet:-1, max-image-preview:large, max-video-preview:-1\" \/>\n<link rel=\"canonical\" href=\"https:\/\/eotvoskiado.hu\/index.php\/impresszum\/\" \/>\n<meta property=\"og:locale\" content=\"hu_HU\" \/>\n<meta property=\"og:type\" content=\"article\" \/>\n<meta property=\"og:title\" content=\"Impresszum - E\u00f6tv\u00f6s Kiad\u00f3\" \/>\n<meta property=\"og:description\" content=\"ELTE E\u00f6tv\u00f6s Kiad\u00f3 Kft. legfontosabb adatai\" \/>\n<meta property=\"og:url\" content=\"https:\/\/eotvoskiado.hu\/index.php\/impresszum\/\" \/>\n<meta property=\"og:site_name\" content=\"E\u00f6tv\u00f6s Kiad\u00f3\" \/>\n<meta property=\"article:publisher\" content=\"https:\/\/www.facebook.com\/eotvoskiado\" \/>\n<meta property=\"article:modified_time\" content=\"2025-07-10T14:31:27+00:00\" \/>\n<meta name=\"twitter:card\" content=\"summary_large_image\" \/>\n<meta name=\"twitter:label1\" content=\"Becs\u00fclt olvas\u00e1si id\u0151\" \/>\n\t<meta name=\"twitter:data1\" content=\"1 perc\" \/>\n<script type=\"application\/ld+json\" class=\"yoast-schema-graph\">{\"@context\":\"https:\/\/schema.org\",\"@graph\":[{\"@type\":\"WebPage\",\"@id\":\"https:\/\/eotvoskiado.hu\/index.php\/impresszum\/\",\"url\":\"https:\/\/eotvoskiado.hu\/index.php\/impresszum\/\",\"name\":\"Impresszum - E\u00f6tv\u00f6s Kiad\u00f3\",\"isPartOf\":{\"@id\":\"https:\/\/eotvoskiado.hu\/#website\"},\"datePublished\":\"2022-12-20T12:15:21+00:00\",\"dateModified\":\"2025-07-10T14:31:27+00:00\",\"description\":\"ELTE E\u00f6tv\u00f6s Kiad\u00f3 Kft. legfontosabb adatai\",\"breadcrumb\":{\"@id\":\"https:\/\/eotvoskiado.hu\/index.php\/impresszum\/#breadcrumb\"},\"inLanguage\":\"hu\",\"potentialAction\":[{\"@type\":\"ReadAction\",\"target\":[\"https:\/\/eotvoskiado.hu\/index.php\/impresszum\/\"]}]},{\"@type\":\"BreadcrumbList\",\"@id\":\"https:\/\/eotvoskiado.hu\/index.php\/impresszum\/#breadcrumb\",\"itemListElement\":[{\"@type\":\"ListItem\",\"position\":1,\"name\":\"F\u0151oldal\",\"item\":\"https:\/\/eotvoskiado.hu\/\"},{\"@type\":\"ListItem\",\"position\":2,\"name\":\"Impresszum\"}]},{\"@type\":\"WebSite\",\"@id\":\"https:\/\/eotvoskiado.hu\/#website\",\"url\":\"https:\/\/eotvoskiado.hu\/\",\"name\":\"E\u00f6tv\u00f6s Kiad\u00f3\",\"description\":\"Az ELTE hivatalos k\u00f6nyvkiad\u00f3ja\",\"publisher\":{\"@id\":\"https:\/\/eotvoskiado.hu\/#organization\"},\"potentialAction\":[{\"@type\":\"SearchAction\",\"target\":{\"@type\":\"EntryPoint\",\"urlTemplate\":\"https:\/\/eotvoskiado.hu\/?s={search_term_string}\"},\"query-input\":{\"@type\":\"PropertyValueSpecification\",\"valueRequired\":true,\"valueName\":\"search_term_string\"}}],\"inLanguage\":\"hu\"},{\"@type\":\"Organization\",\"@id\":\"https:\/\/eotvoskiado.hu\/#organization\",\"name\":\"E\u00f6tv\u00f6s Kiad\u00f3\",\"url\":\"https:\/\/eotvoskiado.hu\/\",\"logo\":{\"@type\":\"ImageObject\",\"inLanguage\":\"hu\",\"@id\":\"https:\/\/eotvoskiado.hu\/#\/schema\/logo\/image\/\",\"url\":\"https:\/\/eotvoskiado.hu\/wp-content\/uploads\/2023\/11\/elte_eotvos_kiado_nyomdai_cmyk_fekvo_logo_kek.png\",\"contentUrl\":\"https:\/\/eotvoskiado.hu\/wp-content\/uploads\/2023\/11\/elte_eotvos_kiado_nyomdai_cmyk_fekvo_logo_kek.png\",\"width\":4249,\"height\":1174,\"caption\":\"E\u00f6tv\u00f6s Kiad\u00f3\"},\"image\":{\"@id\":\"https:\/\/eotvoskiado.hu\/#\/schema\/logo\/image\/\"},\"sameAs\":[\"https:\/\/www.facebook.com\/eotvoskiado\"]}]}<\/script>\n<!-- \/ Yoast SEO plugin. -->","yoast_head_json":{"title":"Impresszum - E\u00f6tv\u00f6s Kiad\u00f3","description":"ELTE E\u00f6tv\u00f6s Kiad\u00f3 Kft. legfontosabb adatai","robots":{"index":"index","follow":"follow","max-snippet":"max-snippet:-1","max-image-preview":"max-image-preview:large","max-video-preview":"max-video-preview:-1"},"canonical":"https:\/\/eotvoskiado.hu\/index.php\/impresszum\/","og_locale":"hu_HU","og_type":"article","og_title":"Impresszum - E\u00f6tv\u00f6s Kiad\u00f3","og_description":"ELTE E\u00f6tv\u00f6s Kiad\u00f3 Kft. legfontosabb adatai","og_url":"https:\/\/eotvoskiado.hu\/index.php\/impresszum\/","og_site_name":"E\u00f6tv\u00f6s Kiad\u00f3","article_publisher":"https:\/\/www.facebook.com\/eotvoskiado","article_modified_time":"2025-07-10T14:31:27+00:00","twitter_card":"summary_large_image","twitter_misc":{"Becs\u00fclt olvas\u00e1si id\u0151":"1 perc"},"schema":{"@context":"https:\/\/schema.org","@graph":[{"@type":"WebPage","@id":"https:\/\/eotvoskiado.hu\/index.php\/impresszum\/","url":"https:\/\/eotvoskiado.hu\/index.php\/impresszum\/","name":"Impresszum - E\u00f6tv\u00f6s Kiad\u00f3","isPartOf":{"@id":"https:\/\/eotvoskiado.hu\/#website"},"datePublished":"2022-12-20T12:15:21+00:00","dateModified":"2025-07-10T14:31:27+00:00","description":"ELTE E\u00f6tv\u00f6s Kiad\u00f3 Kft. legfontosabb adatai","breadcrumb":{"@id":"https:\/\/eotvoskiado.hu\/index.php\/impresszum\/#breadcrumb"},"inLanguage":"hu","potentialAction":[{"@type":"ReadAction","target":["https:\/\/eotvoskiado.hu\/index.php\/impresszum\/"]}]},{"@type":"BreadcrumbList","@id":"https:\/\/eotvoskiado.hu\/index.php\/impresszum\/#breadcrumb","itemListElement":[{"@type":"ListItem","position":1,"name":"F\u0151oldal","item":"https:\/\/eotvoskiado.hu\/"},{"@type":"ListItem","position":2,"name":"Impresszum"}]},{"@type":"WebSite","@id":"https:\/\/eotvoskiado.hu\/#website","url":"https:\/\/eotvoskiado.hu\/","name":"E\u00f6tv\u00f6s Kiad\u00f3","description":"Az ELTE hivatalos k\u00f6nyvkiad\u00f3ja","publisher":{"@id":"https:\/\/eotvoskiado.hu\/#organization"},"potentialAction":[{"@type":"SearchAction","target":{"@type":"EntryPoint","urlTemplate":"https:\/\/eotvoskiado.hu\/?s={search_term_string}"},"query-input":{"@type":"PropertyValueSpecification","valueRequired":true,"valueName":"search_term_string"}}],"inLanguage":"hu"},{"@type":"Organization","@id":"https:\/\/eotvoskiado.hu\/#organization","name":"E\u00f6tv\u00f6s Kiad\u00f3","url":"https:\/\/eotvoskiado.hu\/","logo":{"@type":"ImageObject","inLanguage":"hu","@id":"https:\/\/eotvoskiado.hu\/#\/schema\/logo\/image\/","url":"https:\/\/eotvoskiado.hu\/wp-content\/uploads\/2023\/11\/elte_eotvos_kiado_nyomdai_cmyk_fekvo_logo_kek.png","contentUrl":"https:\/\/eotvoskiado.hu\/wp-content\/uploads\/2023\/11\/elte_eotvos_kiado_nyomdai_cmyk_fekvo_logo_kek.png","width":4249,"height":1174,"caption":"E\u00f6tv\u00f6s Kiad\u00f3"},"image":{"@id":"https:\/\/eotvoskiado.hu\/#\/schema\/logo\/image\/"},"sameAs":["https:\/\/www.facebook.com\/eotvoskiado"]}]}},"_links":{"self":[{"href":"https:\/\/eotvoskiado.hu\/index.php\/wp-json\/wp\/v2\/pages\/15386","targetHints":{"allow":["GET"]}}],"collection":[{"href":"https:\/\/eotvoskiado.hu\/index.php\/wp-json\/wp\/v2\/pages"}],"about":[{"href":"https:\/\/eotvoskiado.hu\/index.php\/wp-json\/wp\/v2\/types\/page"}],"author":[{"embeddable":true,"href":"https:\/\/eotvoskiado.hu\/index.php\/wp-json\/wp\/v2\/users\/2"}],"replies":[{"embeddable":true,"href":"https:\/\/eotvoskiado.hu\/index.php\/wp-json\/wp\/v2\/comments?post=15386"}],"version-history":[{"count":4,"href":"https:\/\/eotvoskiado.hu\/index.php\/wp-json\/wp\/v2\/pages\/15386\/revisions"}],"predecessor-version":[{"id":16017,"href":"https:\/\/eotvoskiado.hu\/index.php\/wp-json\/wp\/v2\/pages\/15386\/revisions\/16017"}],"wp:attachment":[{"href":"https:\/\/eotvoskiado.hu\/index.php\/wp-json\/wp\/v2\/media?parent=15386"}],"curies":[{"name":"wp","href":"https:\/\/api.w.org\/{rel}","templated":true}]}}