{"id":15989,"date":"2024-04-23T15:57:06","date_gmt":"2024-04-23T13:57:06","guid":{"rendered":"https:\/\/eotvoskiado.hu\/?page_id=15989"},"modified":"2026-02-19T14:51:49","modified_gmt":"2026-02-19T12:51:49","slug":"palyazatok","status":"publish","type":"page","link":"https:\/\/eotvoskiado.hu\/index.php\/palyazatok\/","title":{"rendered":"P\u00e1ly\u00e1zatok"},"content":{"rendered":"<div id=\"cmsmasters_row_i2xz033bz\" class=\"cmsmasters_row cmsmasters_color_scheme_default cmsmasters_row_top_default cmsmasters_row_bot_default cmsmasters_row_boxed\">\n<div class=\"cmsmasters_row_outer_parent\">\n<div class=\"cmsmasters_row_outer\">\n<div class=\"cmsmasters_row_inner\">\n<div class=\"cmsmasters_row_margin\">\n<div id=\"cmsmasters_column_gdjngopef\" class=\"cmsmasters_column one_first\">\n<div class=\"cmsmasters_column_inner\"><div class=\"cmsmasters_text\">\n<style>\nul {list-style-type: circle;}<br \/><\/style>\n<p>&nbsp;<\/p>\n<div style=\"margin-bottom: 0; margin-top: 20px;\">\n<h2><strong style=\"color: #002851; margin-right: 0.5em;\">A PROJEKT ALAPADATAI<\/strong><\/h2>\n<p><strong style=\"color: black;\">A felh\u00edv\u00e1s megnevez\u00e9se:<\/strong> 2022-1.1.1-KK &#8211; Kompetencia k\u00f6zpontok l\u00e9trehoz\u00e1sa \u00e9s fejleszt\u00e9se<br \/>\n<strong style=\"color: black;\">A projekt c\u00edme:<\/strong> Digit\u00e1lis Oktat\u00e1sfejleszt\u00e9si Kompetencia K\u00f6zpont<br \/>\n<strong style=\"color: black;\">Azonos\u00edt\u00f3:<\/strong> 2022-1.1.1-KK-2022-00003<br \/>\n<strong style=\"color: black;\">\u00d6sszk\u00f6lts\u00e9g:<\/strong> 5 722 906 621 Ft<br \/>\n<strong style=\"color: black;\">T\u00e1mogat\u00e1s \u00f6sszege:<\/strong> 4 751 687 013 Ft<br \/>\n<strong style=\"color: black;\">ELTE E\u00f6tv\u00f6s Kiad\u00f3 Kft T\u00e1mogat\u00e1s \u00f6sszege:<\/strong> 98 500 974 Ft<br \/>\n<strong style=\"color: black;\">Futamid\u0151:<\/strong> A projekt a Nemzeti Kutat\u00e1si, Fejleszt\u00e9si \u00e9s Innov\u00e1ci\u00f3s Alap finansz\u00edroz\u00e1s\u00e1val val\u00f3sul meg<br \/>\n2023. \u00e1prilis 1. \u00e9s <span data-olk-copy-source=\"MessageBody\">2028. m\u00e1rcius 31<\/span>. k\u00f6z\u00f6tt<br \/>\n<strong style=\"color: black;\">(F\u0151) Kedvezm\u00e9nyezett neve:<\/strong> E\u00f6tv\u00f6s Lor\u00e1nd Tudom\u00e1nyegyetem<br \/>\n<strong style=\"color: black;\">Konzorciumi partnerek:<\/strong><\/p>\n<ul>\n<li style=\"color: black;\"><span data-olk-copy-source=\"MessageBody\">ELTE E\u00f6tv\u00f6s Kiad\u00f3 Kft.<\/span><\/li>\n<li style=\"color: black;\">Edutus Egyetem<\/li>\n<li style=\"color: black;\">Educational Development Informatikai Zrt.<\/li>\n<li style=\"color: black;\">ELMS Informatikai Zrt.<\/li>\n<li style=\"color: black;\">G\u00e1bor D\u00e9nes Egyetem<\/li>\n<\/ul>\n<p><strong style=\"color: black;\">A projekt c\u00e9lja<\/strong> a fels\u0151oktat\u00e1s digit\u00e1lis-technol\u00f3giai \u00e9s m\u00f3dszertani fejleszt\u00e9se, kutat\u00e1ssal \u00e9s<br \/>\nhasznos\u00edthat\u00f3 gyakorlatok kidolgoz\u00e1s\u00e1val m\u00f3dszertani kereteket k\u00edv\u00e1n adni a digit\u00e1lis oktat\u00e1s<br \/>\nhat\u00e9kony be\u00e1gyaz\u00e1s\u00e1nak. E mellett a jelenleg \u2013 els\u0151sorban a fels\u0151oktat\u00e1sban \u2013 nehezen m\u00e9rhet\u0151<br \/>\nkompetenci\u00e1k \u00e9s kompetenciav\u00e1ltoz\u00e1sok meghat\u00e1roz\u00e1s\u00e1t \u00e9s m\u00e9r\u00e9s\u00e9t, valamint a hat\u00e9kony<br \/>\nkompetenciafejleszt\u00e9st legink\u00e1bb t\u00e1mogat\u00f3, az int\u00e9zm\u00e9nyek \u00e1ltal k\u00f6zvetlen\u00fcl alkalmazhat\u00f3<br \/>\nm\u00f3dszertanok \u00e9s digit\u00e1lis keretrendszerek, int\u00e9zm\u00e9nyre szabhat\u00f3 tartalmak kidolgoz\u00e1s\u00e1t t\u0171zi ki c\u00e9lul.<br \/>\nA tev\u00e9kenys\u00e9gek hat\u00e9kony koordin\u00e1ci\u00f3ja \u00e9s v\u00e9grehajt\u00e1sa \u00e9rdek\u00e9ben az <span data-olk-copy-source=\"MessageBody\">ELTE<\/span>, mint konzorciumvezet\u0151<br \/>\nfels\u0151oktat\u00e1si int\u00e9zm\u00e9ny l\u00e9trehozza \u00e9s m\u0171k\u00f6dteti a Digit\u00e1lis Oktat\u00e1sfejleszt\u00e9si Kompetencia<br \/>\nK\u00f6zpontot, mely a v\u00e1llalati partnerek sz\u00e1m\u00e1ra korszer\u0171 kutat\u00e1si h\u00e1tteret biztos\u00edt fejleszt\u00e9si<br \/>\nc\u00e9lkit\u0171z\u00e9seik eredm\u00e9nyes megval\u00f3s\u00edt\u00e1s\u00e1hoz.<\/p>\n<p><strong style=\"color: #002851;\">EL\u00c9RHET\u0150S\u00c9G<\/strong><\/p>\n<p style=\"color: black;\">Dr T\u00f3th Tibor J\u00f3zsef \u00fcgyvezet\u0151<\/p>\n<p style=\"color: black;\">toth.tibor.jozsef@eotvoskiado.hu<\/p>\n<\/div>\n<p>&nbsp;<\/p>\n<h2><strong style=\"color: #002851; margin-right: 0.5em;\"><img loading=\"lazy\" decoding=\"async\" class=\" wp-image-16004 alignright\" src=\"https:\/\/eotvoskiado.hu\/wp-content\/uploads\/2024\/04\/NKFIA_infoblokk_kerettel_projekt_fekvo_2019_HU-300x127.png\" alt=\"\" width=\"439\" height=\"186\" srcset=\"https:\/\/eotvoskiado.hu\/wp-content\/uploads\/2024\/04\/NKFIA_infoblokk_kerettel_projekt_fekvo_2019_HU-300x127.png 300w, https:\/\/eotvoskiado.hu\/wp-content\/uploads\/2024\/04\/NKFIA_infoblokk_kerettel_projekt_fekvo_2019_HU-1024x434.png 1024w, https:\/\/eotvoskiado.hu\/wp-content\/uploads\/2024\/04\/NKFIA_infoblokk_kerettel_projekt_fekvo_2019_HU-768x325.png 768w, https:\/\/eotvoskiado.hu\/wp-content\/uploads\/2024\/04\/NKFIA_infoblokk_kerettel_projekt_fekvo_2019_HU-1536x651.png 1536w, https:\/\/eotvoskiado.hu\/wp-content\/uploads\/2024\/04\/NKFIA_infoblokk_kerettel_projekt_fekvo_2019_HU-2048x867.png 2048w, https:\/\/eotvoskiado.hu\/wp-content\/uploads\/2024\/04\/NKFIA_infoblokk_kerettel_projekt_fekvo_2019_HU-580x246.png 580w, https:\/\/eotvoskiado.hu\/wp-content\/uploads\/2024\/04\/NKFIA_infoblokk_kerettel_projekt_fekvo_2019_HU-860x364.png 860w, https:\/\/eotvoskiado.hu\/wp-content\/uploads\/2024\/04\/NKFIA_infoblokk_kerettel_projekt_fekvo_2019_HU-1160x491.png 1160w, https:\/\/eotvoskiado.hu\/wp-content\/uploads\/2024\/04\/NKFIA_infoblokk_kerettel_projekt_fekvo_2019_HU-1320x559.png 1320w, https:\/\/eotvoskiado.hu\/wp-content\/uploads\/2024\/04\/NKFIA_infoblokk_kerettel_projekt_fekvo_2019_HU-540x229.png 540w, https:\/\/eotvoskiado.hu\/wp-content\/uploads\/2024\/04\/NKFIA_infoblokk_kerettel_projekt_fekvo_2019_HU-600x254.png 600w\" sizes=\"auto, (max-width: 439px) 100vw, 439px\" \/><\/strong><\/h2>\n<\/div>\n<\/div><\/div>\n<\/div>\n<\/div>\n<\/div>\n<\/div>\n<\/div>\n\n","protected":false},"excerpt":{"rendered":"&nbsp; A PROJEKT ALAPADATAI A felh\u00edv\u00e1s megnevez\u00e9se: 2022-1.1.1-KK - Kompetencia k\u00f6zpontok l\u00e9trehoz\u00e1sa \u00e9s fejleszt\u00e9se A projekt c\u00edme: Digit\u00e1lis Oktat\u00e1sfejleszt\u00e9si Kompetencia K\u00f6zpont Azonos\u00edt\u00f3: 2022-1.1.1-KK-2022-00003 \u00d6sszk\u00f6lts\u00e9g: 5 722 906 621 Ft T\u00e1mogat\u00e1s...","protected":false},"author":2,"featured_media":0,"parent":0,"menu_order":0,"comment_status":"closed","ping_status":"closed","template":"","meta":{"_monsterinsights_skip_tracking":false,"_monsterinsights_sitenote_active":false,"_monsterinsights_sitenote_note":"","_monsterinsights_sitenote_category":0,"footnotes":""},"class_list":["post-15989","page","type-page","status-publish","hentry"],"yoast_head":"<!-- This site is optimized with the Yoast SEO plugin v25.4 - https:\/\/yoast.com\/wordpress\/plugins\/seo\/ -->\n<title>P\u00e1ly\u00e1zatok - E\u00f6tv\u00f6s Kiad\u00f3<\/title>\n<meta name=\"description\" content=\"ChatGPT promter k\u00e9pz\u00e9s: Ez a n\u00e9gy r\u00e9szb\u0151l \u00e1ll\u00f3 rendezv\u00e9nysorozat egy komplex \u00fatmutat\u00f3 a ChatGPT \u00e9s az AI vil\u00e1g\u00e1ba.\" \/>\n<meta name=\"robots\" content=\"index, follow, max-snippet:-1, max-image-preview:large, max-video-preview:-1\" \/>\n<link rel=\"canonical\" href=\"https:\/\/eotvoskiado.hu\/index.php\/palyazatok\/\" \/>\n<meta property=\"og:locale\" content=\"hu_HU\" \/>\n<meta property=\"og:type\" content=\"article\" \/>\n<meta property=\"og:title\" content=\"P\u00e1ly\u00e1zatok - E\u00f6tv\u00f6s Kiad\u00f3\" \/>\n<meta property=\"og:description\" content=\"ChatGPT promter k\u00e9pz\u00e9s: Ez a n\u00e9gy r\u00e9szb\u0151l \u00e1ll\u00f3 rendezv\u00e9nysorozat egy komplex \u00fatmutat\u00f3 a ChatGPT \u00e9s az AI vil\u00e1g\u00e1ba.\" \/>\n<meta property=\"og:url\" content=\"https:\/\/eotvoskiado.hu\/index.php\/palyazatok\/\" \/>\n<meta property=\"og:site_name\" content=\"E\u00f6tv\u00f6s Kiad\u00f3\" \/>\n<meta property=\"article:publisher\" content=\"https:\/\/www.facebook.com\/eotvoskiado\" \/>\n<meta property=\"article:modified_time\" content=\"2026-02-19T12:51:49+00:00\" \/>\n<meta property=\"og:image\" content=\"https:\/\/eotvoskiado.hu\/wp-content\/uploads\/2024\/04\/NKFIA_infoblokk_kerettel_projekt_fekvo_2019_HU.png\" \/>\n\t<meta property=\"og:image:width\" content=\"2425\" \/>\n\t<meta property=\"og:image:height\" content=\"1027\" \/>\n\t<meta property=\"og:image:type\" content=\"image\/png\" \/>\n<meta name=\"twitter:card\" content=\"summary_large_image\" \/>\n<meta name=\"twitter:label1\" content=\"Becs\u00fclt olvas\u00e1si id\u0151\" \/>\n\t<meta name=\"twitter:data1\" content=\"2 perc\" \/>\n<script type=\"application\/ld+json\" class=\"yoast-schema-graph\">{\"@context\":\"https:\/\/schema.org\",\"@graph\":[{\"@type\":\"WebPage\",\"@id\":\"https:\/\/eotvoskiado.hu\/index.php\/palyazatok\/\",\"url\":\"https:\/\/eotvoskiado.hu\/index.php\/palyazatok\/\",\"name\":\"P\u00e1ly\u00e1zatok - E\u00f6tv\u00f6s Kiad\u00f3\",\"isPartOf\":{\"@id\":\"https:\/\/eotvoskiado.hu\/#website\"},\"primaryImageOfPage\":{\"@id\":\"https:\/\/eotvoskiado.hu\/index.php\/palyazatok\/#primaryimage\"},\"image\":{\"@id\":\"https:\/\/eotvoskiado.hu\/index.php\/palyazatok\/#primaryimage\"},\"thumbnailUrl\":\"https:\/\/eotvoskiado.hu\/wp-content\/uploads\/2024\/04\/NKFIA_infoblokk_kerettel_projekt_fekvo_2019_HU-300x127.png\",\"datePublished\":\"2024-04-23T13:57:06+00:00\",\"dateModified\":\"2026-02-19T12:51:49+00:00\",\"description\":\"ChatGPT promter k\u00e9pz\u00e9s: Ez a n\u00e9gy r\u00e9szb\u0151l \u00e1ll\u00f3 rendezv\u00e9nysorozat egy komplex \u00fatmutat\u00f3 a ChatGPT \u00e9s az AI vil\u00e1g\u00e1ba.\",\"breadcrumb\":{\"@id\":\"https:\/\/eotvoskiado.hu\/index.php\/palyazatok\/#breadcrumb\"},\"inLanguage\":\"hu\",\"potentialAction\":[{\"@type\":\"ReadAction\",\"target\":[\"https:\/\/eotvoskiado.hu\/index.php\/palyazatok\/\"]}]},{\"@type\":\"ImageObject\",\"inLanguage\":\"hu\",\"@id\":\"https:\/\/eotvoskiado.hu\/index.php\/palyazatok\/#primaryimage\",\"url\":\"https:\/\/eotvoskiado.hu\/wp-content\/uploads\/2024\/04\/NKFIA_infoblokk_kerettel_projekt_fekvo_2019_HU.png\",\"contentUrl\":\"https:\/\/eotvoskiado.hu\/wp-content\/uploads\/2024\/04\/NKFIA_infoblokk_kerettel_projekt_fekvo_2019_HU.png\",\"width\":2425,\"height\":1027},{\"@type\":\"BreadcrumbList\",\"@id\":\"https:\/\/eotvoskiado.hu\/index.php\/palyazatok\/#breadcrumb\",\"itemListElement\":[{\"@type\":\"ListItem\",\"position\":1,\"name\":\"F\u0151oldal\",\"item\":\"https:\/\/eotvoskiado.hu\/\"},{\"@type\":\"ListItem\",\"position\":2,\"name\":\"P\u00e1ly\u00e1zatok\"}]},{\"@type\":\"WebSite\",\"@id\":\"https:\/\/eotvoskiado.hu\/#website\",\"url\":\"https:\/\/eotvoskiado.hu\/\",\"name\":\"E\u00f6tv\u00f6s Kiad\u00f3\",\"description\":\"Az ELTE hivatalos k\u00f6nyvkiad\u00f3ja\",\"publisher\":{\"@id\":\"https:\/\/eotvoskiado.hu\/#organization\"},\"potentialAction\":[{\"@type\":\"SearchAction\",\"target\":{\"@type\":\"EntryPoint\",\"urlTemplate\":\"https:\/\/eotvoskiado.hu\/?s={search_term_string}\"},\"query-input\":{\"@type\":\"PropertyValueSpecification\",\"valueRequired\":true,\"valueName\":\"search_term_string\"}}],\"inLanguage\":\"hu\"},{\"@type\":\"Organization\",\"@id\":\"https:\/\/eotvoskiado.hu\/#organization\",\"name\":\"E\u00f6tv\u00f6s Kiad\u00f3\",\"url\":\"https:\/\/eotvoskiado.hu\/\",\"logo\":{\"@type\":\"ImageObject\",\"inLanguage\":\"hu\",\"@id\":\"https:\/\/eotvoskiado.hu\/#\/schema\/logo\/image\/\",\"url\":\"https:\/\/eotvoskiado.hu\/wp-content\/uploads\/2023\/11\/elte_eotvos_kiado_nyomdai_cmyk_fekvo_logo_kek.png\",\"contentUrl\":\"https:\/\/eotvoskiado.hu\/wp-content\/uploads\/2023\/11\/elte_eotvos_kiado_nyomdai_cmyk_fekvo_logo_kek.png\",\"width\":4249,\"height\":1174,\"caption\":\"E\u00f6tv\u00f6s Kiad\u00f3\"},\"image\":{\"@id\":\"https:\/\/eotvoskiado.hu\/#\/schema\/logo\/image\/\"},\"sameAs\":[\"https:\/\/www.facebook.com\/eotvoskiado\"]}]}<\/script>\n<!-- \/ Yoast SEO plugin. -->","yoast_head_json":{"title":"P\u00e1ly\u00e1zatok - E\u00f6tv\u00f6s Kiad\u00f3","description":"ChatGPT promter k\u00e9pz\u00e9s: Ez a n\u00e9gy r\u00e9szb\u0151l \u00e1ll\u00f3 rendezv\u00e9nysorozat egy komplex \u00fatmutat\u00f3 a ChatGPT \u00e9s az AI vil\u00e1g\u00e1ba.","robots":{"index":"index","follow":"follow","max-snippet":"max-snippet:-1","max-image-preview":"max-image-preview:large","max-video-preview":"max-video-preview:-1"},"canonical":"https:\/\/eotvoskiado.hu\/index.php\/palyazatok\/","og_locale":"hu_HU","og_type":"article","og_title":"P\u00e1ly\u00e1zatok - E\u00f6tv\u00f6s Kiad\u00f3","og_description":"ChatGPT promter k\u00e9pz\u00e9s: Ez a n\u00e9gy r\u00e9szb\u0151l \u00e1ll\u00f3 rendezv\u00e9nysorozat egy komplex \u00fatmutat\u00f3 a ChatGPT \u00e9s az AI vil\u00e1g\u00e1ba.","og_url":"https:\/\/eotvoskiado.hu\/index.php\/palyazatok\/","og_site_name":"E\u00f6tv\u00f6s Kiad\u00f3","article_publisher":"https:\/\/www.facebook.com\/eotvoskiado","article_modified_time":"2026-02-19T12:51:49+00:00","og_image":[{"width":2425,"height":1027,"url":"https:\/\/eotvoskiado.hu\/wp-content\/uploads\/2024\/04\/NKFIA_infoblokk_kerettel_projekt_fekvo_2019_HU.png","type":"image\/png"}],"twitter_card":"summary_large_image","twitter_misc":{"Becs\u00fclt olvas\u00e1si id\u0151":"2 perc"},"schema":{"@context":"https:\/\/schema.org","@graph":[{"@type":"WebPage","@id":"https:\/\/eotvoskiado.hu\/index.php\/palyazatok\/","url":"https:\/\/eotvoskiado.hu\/index.php\/palyazatok\/","name":"P\u00e1ly\u00e1zatok - E\u00f6tv\u00f6s Kiad\u00f3","isPartOf":{"@id":"https:\/\/eotvoskiado.hu\/#website"},"primaryImageOfPage":{"@id":"https:\/\/eotvoskiado.hu\/index.php\/palyazatok\/#primaryimage"},"image":{"@id":"https:\/\/eotvoskiado.hu\/index.php\/palyazatok\/#primaryimage"},"thumbnailUrl":"https:\/\/eotvoskiado.hu\/wp-content\/uploads\/2024\/04\/NKFIA_infoblokk_kerettel_projekt_fekvo_2019_HU-300x127.png","datePublished":"2024-04-23T13:57:06+00:00","dateModified":"2026-02-19T12:51:49+00:00","description":"ChatGPT promter k\u00e9pz\u00e9s: Ez a n\u00e9gy r\u00e9szb\u0151l \u00e1ll\u00f3 rendezv\u00e9nysorozat egy komplex \u00fatmutat\u00f3 a ChatGPT \u00e9s az AI vil\u00e1g\u00e1ba.","breadcrumb":{"@id":"https:\/\/eotvoskiado.hu\/index.php\/palyazatok\/#breadcrumb"},"inLanguage":"hu","potentialAction":[{"@type":"ReadAction","target":["https:\/\/eotvoskiado.hu\/index.php\/palyazatok\/"]}]},{"@type":"ImageObject","inLanguage":"hu","@id":"https:\/\/eotvoskiado.hu\/index.php\/palyazatok\/#primaryimage","url":"https:\/\/eotvoskiado.hu\/wp-content\/uploads\/2024\/04\/NKFIA_infoblokk_kerettel_projekt_fekvo_2019_HU.png","contentUrl":"https:\/\/eotvoskiado.hu\/wp-content\/uploads\/2024\/04\/NKFIA_infoblokk_kerettel_projekt_fekvo_2019_HU.png","width":2425,"height":1027},{"@type":"BreadcrumbList","@id":"https:\/\/eotvoskiado.hu\/index.php\/palyazatok\/#breadcrumb","itemListElement":[{"@type":"ListItem","position":1,"name":"F\u0151oldal","item":"https:\/\/eotvoskiado.hu\/"},{"@type":"ListItem","position":2,"name":"P\u00e1ly\u00e1zatok"}]},{"@type":"WebSite","@id":"https:\/\/eotvoskiado.hu\/#website","url":"https:\/\/eotvoskiado.hu\/","name":"E\u00f6tv\u00f6s Kiad\u00f3","description":"Az ELTE hivatalos k\u00f6nyvkiad\u00f3ja","publisher":{"@id":"https:\/\/eotvoskiado.hu\/#organization"},"potentialAction":[{"@type":"SearchAction","target":{"@type":"EntryPoint","urlTemplate":"https:\/\/eotvoskiado.hu\/?s={search_term_string}"},"query-input":{"@type":"PropertyValueSpecification","valueRequired":true,"valueName":"search_term_string"}}],"inLanguage":"hu"},{"@type":"Organization","@id":"https:\/\/eotvoskiado.hu\/#organization","name":"E\u00f6tv\u00f6s Kiad\u00f3","url":"https:\/\/eotvoskiado.hu\/","logo":{"@type":"ImageObject","inLanguage":"hu","@id":"https:\/\/eotvoskiado.hu\/#\/schema\/logo\/image\/","url":"https:\/\/eotvoskiado.hu\/wp-content\/uploads\/2023\/11\/elte_eotvos_kiado_nyomdai_cmyk_fekvo_logo_kek.png","contentUrl":"https:\/\/eotvoskiado.hu\/wp-content\/uploads\/2023\/11\/elte_eotvos_kiado_nyomdai_cmyk_fekvo_logo_kek.png","width":4249,"height":1174,"caption":"E\u00f6tv\u00f6s Kiad\u00f3"},"image":{"@id":"https:\/\/eotvoskiado.hu\/#\/schema\/logo\/image\/"},"sameAs":["https:\/\/www.facebook.com\/eotvoskiado"]}]}},"_links":{"self":[{"href":"https:\/\/eotvoskiado.hu\/index.php\/wp-json\/wp\/v2\/pages\/15989","targetHints":{"allow":["GET"]}}],"collection":[{"href":"https:\/\/eotvoskiado.hu\/index.php\/wp-json\/wp\/v2\/pages"}],"about":[{"href":"https:\/\/eotvoskiado.hu\/index.php\/wp-json\/wp\/v2\/types\/page"}],"author":[{"embeddable":true,"href":"https:\/\/eotvoskiado.hu\/index.php\/wp-json\/wp\/v2\/users\/2"}],"replies":[{"embeddable":true,"href":"https:\/\/eotvoskiado.hu\/index.php\/wp-json\/wp\/v2\/comments?post=15989"}],"version-history":[{"count":18,"href":"https:\/\/eotvoskiado.hu\/index.php\/wp-json\/wp\/v2\/pages\/15989\/revisions"}],"predecessor-version":[{"id":16024,"href":"https:\/\/eotvoskiado.hu\/index.php\/wp-json\/wp\/v2\/pages\/15989\/revisions\/16024"}],"wp:attachment":[{"href":"https:\/\/eotvoskiado.hu\/index.php\/wp-json\/wp\/v2\/media?parent=15989"}],"curies":[{"name":"wp","href":"https:\/\/api.w.org\/{rel}","templated":true}]}}