{"id":529,"date":"2015-04-20T11:50:56","date_gmt":"2015-04-20T11:50:56","guid":{"rendered":"http:\/\/welfare.cmsmasters.net\/?page_id=529"},"modified":"2026-02-19T15:03:51","modified_gmt":"2026-02-19T13:03:51","slug":"vedd-fel-velunk-a-kapcsolatot","status":"publish","type":"page","link":"https:\/\/eotvoskiado.hu\/index.php\/vedd-fel-velunk-a-kapcsolatot\/","title":{"rendered":"R\u00f3lunk"},"content":{"rendered":"<div id=\"cmsmasters_row_7etrf14yec\" class=\"cmsmasters_row cmsmasters_color_scheme_default cmsmasters_row_top_default cmsmasters_row_bot_default cmsmasters_row_boxed\">\n<div class=\"cmsmasters_row_outer_parent\">\n<div class=\"cmsmasters_row_outer\">\n<div class=\"cmsmasters_row_inner\">\n<div class=\"cmsmasters_row_margin\">\n<div id=\"cmsmasters_column_35av3lgz7m\" class=\"cmsmasters_column one_first\">\n<div class=\"cmsmasters_column_inner\">\n<div id=\"cmsmasters_divider_f8xflur72q\" class=\"cl\"><\/div>\n<div id=\"cmsmasters_fb_er2dj2n26a\" class=\"cmsmasters_featured_block\">\n<div class=\"featured_block_inner\">\n<div class=\"featured_block_text\">\n<h1 style=\"color: #ceaf87;\">R\u00f3lunk<\/h1>\n<p style=\"text-align: left; color: #ffffff;\"><span style=\"line-height: 26px;\">K\u00f6nyvesboltunkban \u00e9s a web\u00e1ruh\u00e1zban sz\u00e1mos szakter\u00fclet szakirodalma megtal\u00e1lhat\u00f3.\u00a0<\/span><\/p>\n\n<\/div>\n<\/div>\n<\/div>\n<\/div><\/div>\n<\/div>\n<\/div>\n<\/div>\n<\/div>\n<\/div>\n<div id=\"cmsmasters_row_mimo22hsvf\" class=\"cmsmasters_row cmsmasters_color_scheme_default cmsmasters_row_top_default cmsmasters_row_bot_default cmsmasters_row_boxed\">\n<div class=\"cmsmasters_row_outer_parent\">\n<div class=\"cmsmasters_row_outer\">\n<div class=\"cmsmasters_row_inner\">\n<div class=\"cmsmasters_row_margin\">\n<div id=\"cmsmasters_column_j3i5q9szr9\" class=\"cmsmasters_column one_first\">\n<div class=\"cmsmasters_column_inner\">\n<div id=\"cmsmasters_divider_crx0kkix2\" class=\"cmsmasters_divider cmsmasters_divider_width_long cmsmasters_divider_pos_center\"><\/div>\n<div class=\"cmsmasters_text\">\n<h2 style=\"text-align: center;\">El\u00e9rhet\u0151s\u00e9gek<\/h2>\n<\/div>\n\n<div id=\"cmsmasters_divider_ovl239vumf\" class=\"cmsmasters_divider cmsmasters_divider_width_long cmsmasters_divider_pos_center\"><\/div>\n<\/div><\/div>\n<\/div>\n<\/div>\n<\/div>\n<\/div>\n<\/div>\n<div id=\"cmsmasters_row_gt5zwn0xr4\" class=\"cmsmasters_row cmsmasters_color_scheme_default cmsmasters_row_top_default cmsmasters_row_bot_default cmsmasters_row_boxed\">\n<div class=\"cmsmasters_row_outer_parent\">\n<div class=\"cmsmasters_row_outer\">\n<div class=\"cmsmasters_row_inner\">\n<div class=\"cmsmasters_row_margin\">\n<div id=\"cmsmasters_column_daihcwbp8n\" class=\"cmsmasters_column one_half\" data-animation=\"fadeInDown\" data-delay=\"0\">\n<div class=\"cmsmasters_column_inner\"><div id=\"cmsmasters_fb_t85fssnxj\" class=\"cmsmasters_featured_block\">\n<div class=\"featured_block_inner\">\n<div class=\"featured_block_text\">\n<p><strong>\u00dcgyvezet\u0151 igazgat\u00f3<\/strong><br \/>\nDr. T\u00f3th Tibor J\u00f3zsef<br \/>\n<a href=\"mailto:toth.tibor.jozsef@eotvoskiado.hu\">toth.tibor.jozsef@eotvoskiado.hu<\/a><\/p>\n\n<\/div>\n<\/div>\n<\/div>\n<div id=\"cmsmasters_fb_awwcexytlg\" class=\"cmsmasters_featured_block\">\n<div class=\"featured_block_inner\">\n<div class=\"featured_block_text\">\n<p><strong>Projektvezet\u0151<\/strong><br \/>\nEgresi N\u00f3ra<br \/>\n<a href=\"mailto:egresi.nora@eotvoskiado.hu\">egresi.nora@eotvoskiado.hu<\/a><br \/>\nMobil: 06\/20\/350-2008<\/p>\n\n<\/div>\n<\/div>\n<\/div>\n<div id=\"cmsmasters_fb_sckbf44w2\" class=\"cmsmasters_featured_block\">\n<div class=\"featured_block_inner\">\n<div class=\"featured_block_text\">\n<p><strong>Titk\u00e1rs\u00e1g<\/strong><br \/>\n<a href=\"mailto:titkarsag@eotvoskiado.hu\">titkarsag@eotvoskiado.hu<\/a><\/p>\n<p><strong>Kiad\u00f3i munkat\u00e1rs<br \/>\n<\/strong>Vajda Edina<br \/>\n<a href=\"mailto:vajda.edina@eotvoskiado.hu\">vajda.edina@eotvoskiado.hu<\/a><\/p>\n\n<\/div>\n<\/div>\n<\/div>\n<div id=\"cmsmasters_fb_rzw19diyni\" class=\"cmsmasters_featured_block\">\n<div class=\"featured_block_inner\">\n<div class=\"featured_block_text\">\n<p><strong>P\u00e9nz\u00fcgyi asszisztens<\/strong><br \/>\nM\u00e9sz\u00e1ros Katalin<br \/>\n<a href=\"mailto:meszaros.katalin@eotvoskiado.hu\">meszaros.katalin@eotvoskiado.hu<\/a><br \/>\n<u><a href=\"mailto:penzugy@eotvoskiado.hu\">penzugy@eotvoskiado.hu<\/a><\/u><\/p>\n\n<\/div>\n<\/div>\n<\/div>\n<\/div><\/div>\n<div id=\"cmsmasters_column_8lob7xn9w8\" class=\"cmsmasters_column one_half\" data-animation=\"fadeInDown\" data-delay=\"250\">\n<div class=\"cmsmasters_column_inner\"><div id=\"cmsmasters_fb_s18imp8n4\" class=\"cmsmasters_featured_block\">\n<div class=\"featured_block_inner\">\n<div class=\"featured_block_text\">\n<p><strong>Szerkeszt\u0151s\u00e9g<br \/>\n<\/strong><u><a href=\"mailto:szerkesztoseg@eotvoskiado.hu\">szerkesztoseg@eotvoskiado.hu<\/a><br \/>\n<\/u><\/p>\n\n<\/div>\n<\/div>\n<\/div>\n<div id=\"cmsmasters_fb_0mtqjqkhhn\" class=\"cmsmasters_featured_block\">\n<div class=\"featured_block_inner\">\n<div class=\"featured_block_text\">\n<p><strong>Kiad\u00f3i szerkeszt\u0151<\/strong><br \/>\nKiss Ern\u0151 Csongor<br \/>\n<a href=\"mailto:kiss.csongor@eotvoskiado.hu\">kiss.csongor@eotvoskiado.hu<\/a><\/p>\n\n<\/div>\n<\/div>\n<\/div>\n<div id=\"cmsmasters_fb_493bul5lmu\" class=\"cmsmasters_featured_block\">\n<div class=\"featured_block_inner\">\n<div class=\"featured_block_text\">\n<p><strong>M\u0171szaki vezet\u0151<\/strong><br \/>\nBalogh Katalin<br \/>\n<a href=\"mailto:balogh.katalin.krisztina@eotvoskiado.hu\">balogh.katalin.krisztina@eotvoskiado.hu<\/a><\/p>\n\n<\/div>\n<\/div>\n<\/div>\n<div id=\"cmsmasters_fb_lcgyd1v103\" class=\"cmsmasters_featured_block\">\n<div class=\"featured_block_inner\">\n<div class=\"featured_block_text\">\n<p><strong>M\u0171szaki szerkeszt\u0151<\/strong><br \/>\nKatona Csaba<br \/>\n<a href=\"katona.csaba@eotvoskiado.hu\">katona.csaba@eotvoskiado.hu<\/a><\/p>\n\n<\/div>\n<\/div>\n<\/div>\n<\/div><\/div>\n<\/div>\n<\/div>\n<\/div>\n<\/div>\n<\/div>\n\n","protected":false},"excerpt":{"rendered":"R\u00f3lunk K\u00f6nyvesboltunkban \u00e9s a web\u00e1ruh\u00e1zban sz\u00e1mos szakter\u00fclet szakirodalma megtal\u00e1lhat\u00f3.\u00a0 El\u00e9rhet\u0151s\u00e9gek \u00dcgyvezet\u0151 igazgat\u00f3 Dr. T\u00f3th Tibor J\u00f3zsef toth.tibor.jozsef@eotvoskiado.hu Projektvezet\u0151 Egresi N\u00f3ra egresi.nora@eotvoskiado.hu Mobil: 06\/20\/350-2008 Titk\u00e1rs\u00e1g titkarsag@eotvoskiado.hu Kiad\u00f3i munkat\u00e1rs Vajda Edina vajda.edina@eotvoskiado.hu...","protected":false},"author":2,"featured_media":0,"parent":0,"menu_order":0,"comment_status":"closed","ping_status":"closed","template":"","meta":{"_monsterinsights_skip_tracking":false,"_monsterinsights_sitenote_active":false,"_monsterinsights_sitenote_note":"","_monsterinsights_sitenote_category":0,"footnotes":""},"class_list":["post-529","page","type-page","status-publish","hentry"],"yoast_head":"<!-- This site is optimized with the Yoast SEO plugin v25.4 - https:\/\/yoast.com\/wordpress\/plugins\/seo\/ -->\n<title>R\u00f3lunk - E\u00f6tv\u00f6s Kiad\u00f3<\/title>\n<meta name=\"description\" content=\"Vedd fel vel\u00fcnk a kapcsolatot: Szerkeszt\u0151s\u00e9g: szerkesztoseg@eotvoskiado.hu; Titk\u00e1rs\u00e1g: titkarsag@eotvoskiado.hu\" \/>\n<meta name=\"robots\" content=\"index, follow, max-snippet:-1, max-image-preview:large, max-video-preview:-1\" \/>\n<link rel=\"canonical\" href=\"https:\/\/eotvoskiado.hu\/index.php\/vedd-fel-velunk-a-kapcsolatot\/\" \/>\n<meta property=\"og:locale\" content=\"hu_HU\" \/>\n<meta property=\"og:type\" content=\"article\" \/>\n<meta property=\"og:title\" content=\"R\u00f3lunk - E\u00f6tv\u00f6s Kiad\u00f3\" \/>\n<meta property=\"og:description\" content=\"Vedd fel vel\u00fcnk a kapcsolatot: Szerkeszt\u0151s\u00e9g: szerkesztoseg@eotvoskiado.hu; Titk\u00e1rs\u00e1g: titkarsag@eotvoskiado.hu\" \/>\n<meta property=\"og:url\" content=\"https:\/\/eotvoskiado.hu\/index.php\/vedd-fel-velunk-a-kapcsolatot\/\" \/>\n<meta property=\"og:site_name\" content=\"E\u00f6tv\u00f6s Kiad\u00f3\" \/>\n<meta property=\"article:publisher\" content=\"https:\/\/www.facebook.com\/eotvoskiado\" \/>\n<meta property=\"article:modified_time\" content=\"2026-02-19T13:03:51+00:00\" \/>\n<meta name=\"twitter:card\" content=\"summary_large_image\" \/>\n<meta name=\"twitter:label1\" content=\"Becs\u00fclt olvas\u00e1si id\u0151\" \/>\n\t<meta name=\"twitter:data1\" content=\"2 perc\" \/>\n<script type=\"application\/ld+json\" class=\"yoast-schema-graph\">{\"@context\":\"https:\/\/schema.org\",\"@graph\":[{\"@type\":\"WebPage\",\"@id\":\"https:\/\/eotvoskiado.hu\/index.php\/vedd-fel-velunk-a-kapcsolatot\/\",\"url\":\"https:\/\/eotvoskiado.hu\/index.php\/vedd-fel-velunk-a-kapcsolatot\/\",\"name\":\"R\u00f3lunk - E\u00f6tv\u00f6s Kiad\u00f3\",\"isPartOf\":{\"@id\":\"https:\/\/eotvoskiado.hu\/#website\"},\"datePublished\":\"2015-04-20T11:50:56+00:00\",\"dateModified\":\"2026-02-19T13:03:51+00:00\",\"description\":\"Vedd fel vel\u00fcnk a kapcsolatot: Szerkeszt\u0151s\u00e9g: szerkesztoseg@eotvoskiado.hu; Titk\u00e1rs\u00e1g: titkarsag@eotvoskiado.hu\",\"breadcrumb\":{\"@id\":\"https:\/\/eotvoskiado.hu\/index.php\/vedd-fel-velunk-a-kapcsolatot\/#breadcrumb\"},\"inLanguage\":\"hu\",\"potentialAction\":[{\"@type\":\"ReadAction\",\"target\":[\"https:\/\/eotvoskiado.hu\/index.php\/vedd-fel-velunk-a-kapcsolatot\/\"]}]},{\"@type\":\"BreadcrumbList\",\"@id\":\"https:\/\/eotvoskiado.hu\/index.php\/vedd-fel-velunk-a-kapcsolatot\/#breadcrumb\",\"itemListElement\":[{\"@type\":\"ListItem\",\"position\":1,\"name\":\"F\u0151oldal\",\"item\":\"https:\/\/eotvoskiado.hu\/\"},{\"@type\":\"ListItem\",\"position\":2,\"name\":\"R\u00f3lunk\"}]},{\"@type\":\"WebSite\",\"@id\":\"https:\/\/eotvoskiado.hu\/#website\",\"url\":\"https:\/\/eotvoskiado.hu\/\",\"name\":\"E\u00f6tv\u00f6s Kiad\u00f3\",\"description\":\"Az ELTE hivatalos k\u00f6nyvkiad\u00f3ja\",\"publisher\":{\"@id\":\"https:\/\/eotvoskiado.hu\/#organization\"},\"potentialAction\":[{\"@type\":\"SearchAction\",\"target\":{\"@type\":\"EntryPoint\",\"urlTemplate\":\"https:\/\/eotvoskiado.hu\/?s={search_term_string}\"},\"query-input\":{\"@type\":\"PropertyValueSpecification\",\"valueRequired\":true,\"valueName\":\"search_term_string\"}}],\"inLanguage\":\"hu\"},{\"@type\":\"Organization\",\"@id\":\"https:\/\/eotvoskiado.hu\/#organization\",\"name\":\"E\u00f6tv\u00f6s Kiad\u00f3\",\"url\":\"https:\/\/eotvoskiado.hu\/\",\"logo\":{\"@type\":\"ImageObject\",\"inLanguage\":\"hu\",\"@id\":\"https:\/\/eotvoskiado.hu\/#\/schema\/logo\/image\/\",\"url\":\"https:\/\/eotvoskiado.hu\/wp-content\/uploads\/2023\/11\/elte_eotvos_kiado_nyomdai_cmyk_fekvo_logo_kek.png\",\"contentUrl\":\"https:\/\/eotvoskiado.hu\/wp-content\/uploads\/2023\/11\/elte_eotvos_kiado_nyomdai_cmyk_fekvo_logo_kek.png\",\"width\":4249,\"height\":1174,\"caption\":\"E\u00f6tv\u00f6s Kiad\u00f3\"},\"image\":{\"@id\":\"https:\/\/eotvoskiado.hu\/#\/schema\/logo\/image\/\"},\"sameAs\":[\"https:\/\/www.facebook.com\/eotvoskiado\"]}]}<\/script>\n<!-- \/ Yoast SEO plugin. -->","yoast_head_json":{"title":"R\u00f3lunk - E\u00f6tv\u00f6s Kiad\u00f3","description":"Vedd fel vel\u00fcnk a kapcsolatot: Szerkeszt\u0151s\u00e9g: szerkesztoseg@eotvoskiado.hu; Titk\u00e1rs\u00e1g: titkarsag@eotvoskiado.hu","robots":{"index":"index","follow":"follow","max-snippet":"max-snippet:-1","max-image-preview":"max-image-preview:large","max-video-preview":"max-video-preview:-1"},"canonical":"https:\/\/eotvoskiado.hu\/index.php\/vedd-fel-velunk-a-kapcsolatot\/","og_locale":"hu_HU","og_type":"article","og_title":"R\u00f3lunk - E\u00f6tv\u00f6s Kiad\u00f3","og_description":"Vedd fel vel\u00fcnk a kapcsolatot: Szerkeszt\u0151s\u00e9g: szerkesztoseg@eotvoskiado.hu; Titk\u00e1rs\u00e1g: titkarsag@eotvoskiado.hu","og_url":"https:\/\/eotvoskiado.hu\/index.php\/vedd-fel-velunk-a-kapcsolatot\/","og_site_name":"E\u00f6tv\u00f6s Kiad\u00f3","article_publisher":"https:\/\/www.facebook.com\/eotvoskiado","article_modified_time":"2026-02-19T13:03:51+00:00","twitter_card":"summary_large_image","twitter_misc":{"Becs\u00fclt olvas\u00e1si id\u0151":"2 perc"},"schema":{"@context":"https:\/\/schema.org","@graph":[{"@type":"WebPage","@id":"https:\/\/eotvoskiado.hu\/index.php\/vedd-fel-velunk-a-kapcsolatot\/","url":"https:\/\/eotvoskiado.hu\/index.php\/vedd-fel-velunk-a-kapcsolatot\/","name":"R\u00f3lunk - E\u00f6tv\u00f6s Kiad\u00f3","isPartOf":{"@id":"https:\/\/eotvoskiado.hu\/#website"},"datePublished":"2015-04-20T11:50:56+00:00","dateModified":"2026-02-19T13:03:51+00:00","description":"Vedd fel vel\u00fcnk a kapcsolatot: Szerkeszt\u0151s\u00e9g: szerkesztoseg@eotvoskiado.hu; Titk\u00e1rs\u00e1g: titkarsag@eotvoskiado.hu","breadcrumb":{"@id":"https:\/\/eotvoskiado.hu\/index.php\/vedd-fel-velunk-a-kapcsolatot\/#breadcrumb"},"inLanguage":"hu","potentialAction":[{"@type":"ReadAction","target":["https:\/\/eotvoskiado.hu\/index.php\/vedd-fel-velunk-a-kapcsolatot\/"]}]},{"@type":"BreadcrumbList","@id":"https:\/\/eotvoskiado.hu\/index.php\/vedd-fel-velunk-a-kapcsolatot\/#breadcrumb","itemListElement":[{"@type":"ListItem","position":1,"name":"F\u0151oldal","item":"https:\/\/eotvoskiado.hu\/"},{"@type":"ListItem","position":2,"name":"R\u00f3lunk"}]},{"@type":"WebSite","@id":"https:\/\/eotvoskiado.hu\/#website","url":"https:\/\/eotvoskiado.hu\/","name":"E\u00f6tv\u00f6s Kiad\u00f3","description":"Az ELTE hivatalos k\u00f6nyvkiad\u00f3ja","publisher":{"@id":"https:\/\/eotvoskiado.hu\/#organization"},"potentialAction":[{"@type":"SearchAction","target":{"@type":"EntryPoint","urlTemplate":"https:\/\/eotvoskiado.hu\/?s={search_term_string}"},"query-input":{"@type":"PropertyValueSpecification","valueRequired":true,"valueName":"search_term_string"}}],"inLanguage":"hu"},{"@type":"Organization","@id":"https:\/\/eotvoskiado.hu\/#organization","name":"E\u00f6tv\u00f6s Kiad\u00f3","url":"https:\/\/eotvoskiado.hu\/","logo":{"@type":"ImageObject","inLanguage":"hu","@id":"https:\/\/eotvoskiado.hu\/#\/schema\/logo\/image\/","url":"https:\/\/eotvoskiado.hu\/wp-content\/uploads\/2023\/11\/elte_eotvos_kiado_nyomdai_cmyk_fekvo_logo_kek.png","contentUrl":"https:\/\/eotvoskiado.hu\/wp-content\/uploads\/2023\/11\/elte_eotvos_kiado_nyomdai_cmyk_fekvo_logo_kek.png","width":4249,"height":1174,"caption":"E\u00f6tv\u00f6s Kiad\u00f3"},"image":{"@id":"https:\/\/eotvoskiado.hu\/#\/schema\/logo\/image\/"},"sameAs":["https:\/\/www.facebook.com\/eotvoskiado"]}]}},"_links":{"self":[{"href":"https:\/\/eotvoskiado.hu\/index.php\/wp-json\/wp\/v2\/pages\/529","targetHints":{"allow":["GET"]}}],"collection":[{"href":"https:\/\/eotvoskiado.hu\/index.php\/wp-json\/wp\/v2\/pages"}],"about":[{"href":"https:\/\/eotvoskiado.hu\/index.php\/wp-json\/wp\/v2\/types\/page"}],"author":[{"embeddable":true,"href":"https:\/\/eotvoskiado.hu\/index.php\/wp-json\/wp\/v2\/users\/2"}],"replies":[{"embeddable":true,"href":"https:\/\/eotvoskiado.hu\/index.php\/wp-json\/wp\/v2\/comments?post=529"}],"version-history":[{"count":6,"href":"https:\/\/eotvoskiado.hu\/index.php\/wp-json\/wp\/v2\/pages\/529\/revisions"}],"predecessor-version":[{"id":16026,"href":"https:\/\/eotvoskiado.hu\/index.php\/wp-json\/wp\/v2\/pages\/529\/revisions\/16026"}],"wp:attachment":[{"href":"https:\/\/eotvoskiado.hu\/index.php\/wp-json\/wp\/v2\/media?parent=529"}],"curies":[{"name":"wp","href":"https:\/\/api.w.org\/{rel}","templated":true}]}}