{"id":7366,"date":"2015-11-18T08:37:53","date_gmt":"2015-11-18T08:37:53","guid":{"rendered":"http:\/\/interior-design.cmsmasters.net\/?page_id=7366"},"modified":"2023-11-10T11:35:51","modified_gmt":"2023-11-10T09:35:51","slug":"eotvos-kiado","status":"publish","type":"page","link":"https:\/\/eotvoskiado.hu\/","title":{"rendered":"F\u0151oldal"},"content":{"rendered":"<div id=\"cmsmasters_row_46351931b1\" class=\"cmsmasters_row cmsmasters_color_scheme_default cmsmasters_row_top_default cmsmasters_row_bot_default cmsmasters_row_boxed\">\n<div class=\"cmsmasters_row_outer_parent\">\n<div class=\"cmsmasters_row_outer\">\n<div class=\"cmsmasters_row_inner\">\n<div class=\"cmsmasters_row_margin\">\n<div id=\"cmsmasters_column_\" class=\"cmsmasters_column one_first\">\n<div class=\"cmsmasters_column_inner\">\n<div class=\"cmsmasters_slider\">\n\t\t\t<!-- START Main REVOLUTION SLIDER 6.5.31 --><p class=\"rs-p-wp-fix\"><\/p>\n\t\t\t<rs-module-wrap id=\"rev_slider_1_1_wrapper\" data-source=\"gallery\" style=\"visibility:hidden;background:transparent;padding:0;margin:0px auto;margin-top:0;margin-bottom:0;\">\n\t\t\t\t<rs-module id=\"rev_slider_1_1\" style=\"\" data-version=\"6.5.31\">\n\t\t\t\t\t<rs-slides>\n\t\t\t\t\t\t<rs-slide style=\"position: absolute;\" data-key=\"rs-1\" data-title=\"Slide\" data-anim=\"adpr:false;\" data-in=\"o:0;\" data-out=\"a:false;\">\n\t\t\t\t\t\t\t<img decoding=\"async\" src=\"\/\/eotvoskiado.hu\/wp-content\/plugins\/revslider\/public\/assets\/assets\/dummy.png\" alt=\"\" title=\"eotvos_video_1.jpeg\" width=\"2101\" height=\"500\" class=\"rev-slidebg tp-rs-img rs-lazyload\" data-lazyload=\"\/\/eotvoskiado.hu\/wp-content\/uploads\/revslider\/video-media\/eotvos_video_1.jpeg\" data-no-retina>\n\t\t\t\t\t\t\t<rs-bgvideo \n\t\t\t\t\t\t\t\tdata-video=\"w:100%;h:100%;nse:false;l:true;ptimer:false;vfc:true;\"\n\t\t\t\t\t\t\t\tdata-mp4=\"\/\/eotvoskiado.hu\/wp-content\/uploads\/2022\/12\/eotvos_video.mp4\"\n\t\t\t\t\t\t\t><\/rs-bgvideo>\n<!--\n\t\t\t\t\t\t\t--><h3\n\t\t\t\t\t\t\t\tid=\"slider-1-slide-1-layer-2\" \n\t\t\t\t\t\t\t\tclass=\"rs-layer\"\n\t\t\t\t\t\t\t\tdata-type=\"text\"\n\t\t\t\t\t\t\t\tdata-color=\"#ffffff||#ffffff||#d0eaf3||#d0eaf3\"\n\t\t\t\t\t\t\t\tdata-rsp_ch=\"on\"\n\t\t\t\t\t\t\t\tdata-xy=\"x:r,r,l,r;xo:100px,28px,40px,40px;y:m;yo:196px,-170px,-170px,-170px;\"\n\t\t\t\t\t\t\t\tdata-text=\"s:22;l:30;a:right,right,inherit,inherit;\"\n\t\t\t\t\t\t\t\tdata-dim=\"w:464px,464px,auto,464px;h:92px,92px,auto,92px;\"\n\t\t\t\t\t\t\t\tdata-basealign=\"slide\"\n\t\t\t\t\t\t\t\tdata-frame_1=\"e:power3.out;st:2160;sR:2160;\"\n\t\t\t\t\t\t\t\tdata-frame_999=\"o:0;st:w;sR:6540;\"\n\t\t\t\t\t\t\t\tstyle=\"z-index:8;font-family:'Nunito';\"\n\t\t\t\t\t\t\t>E\u00f6tv\u00f6s Lor\u00e1nd Tudom\u00e1nyegyetem\n<\/br> hivatalos k\u00f6nyvkiad\u00f3ja \n\t\t\t\t\t\t\t<\/h3><!--\n\n\t\t\t\t\t\t\t--><rs-layer\n\t\t\t\t\t\t\t\tid=\"slider-1-slide-1-layer-3\" \n\t\t\t\t\t\t\t\tdata-type=\"text\"\n\t\t\t\t\t\t\t\tdata-rsp_ch=\"on\"\n\t\t\t\t\t\t\t\tdata-xy=\"x:r,r,l,r;xo:100px,208px,40px,40px;y:m;yo:109px,-65px,-65px,-65px;\"\n\t\t\t\t\t\t\t\tdata-text=\"w:normal;s:50;l:60;fw:700;a:right,right,inherit,inherit;\"\n\t\t\t\t\t\t\t\tdata-dim=\"w:463px,463px,500px,500px;\"\n\t\t\t\t\t\t\t\tdata-basealign=\"slide\"\n\t\t\t\t\t\t\t\tdata-frame_0=\"x:175%;o:1;\"\n\t\t\t\t\t\t\t\tdata-frame_0_mask=\"u:t;x:-100%;\"\n\t\t\t\t\t\t\t\tdata-frame_1=\"e:power3.out;st:550;sp:1500;sR:550;\"\n\t\t\t\t\t\t\t\tdata-frame_1_mask=\"u:t;\"\n\t\t\t\t\t\t\t\tdata-frame_999=\"o:0;st:w;sR:6950;\"\n\t\t\t\t\t\t\t\tstyle=\"z-index:9;font-family:'Lora';\"\n\t\t\t\t\t\t\t>ELTE E\u00f6tv\u00f6s Kiad\u00f3 \n\t\t\t\t\t\t\t<\/rs-layer><!--\n-->\t\t\t\t\t\t<\/rs-slide>\n\t\t\t\t\t<\/rs-slides>\n\t\t\t\t<\/rs-module>\n\t\t\t\t<script>\n\t\t\t\t\tsetREVStartSize({c: 'rev_slider_1_1',rl:[1240,1024,778,778],el:[550,550,550,550],gw:[1024,1024,550,550],gh:[550,550,550,550],type:'standard',justify:'',layout:'fullwidth',mh:\"0\"});if (window.RS_MODULES!==undefined && window.RS_MODULES.modules!==undefined && window.RS_MODULES.modules[\"revslider11\"]!==undefined) {window.RS_MODULES.modules[\"revslider11\"].once = false;window.revapi1 = undefined;if (window.RS_MODULES.checkMinimal!==undefined) window.RS_MODULES.checkMinimal()}\n\t\t\t\t<\/script>\n\t\t\t<\/rs-module-wrap>\n\t\t\t<!-- END REVOLUTION SLIDER -->\n<\/div>\n<\/div><\/div>\n<\/div>\n<\/div>\n<\/div>\n<\/div>\n<\/div>\n<div id=\"cmsmasters_row_it66m2umc\" class=\"cmsmasters_row cmsmasters_color_scheme_default cmsmasters_row_top_default cmsmasters_row_bot_default cmsmasters_row_boxed\">\n<div class=\"cmsmasters_row_outer_parent\">\n<div class=\"cmsmasters_row_outer\">\n<div class=\"cmsmasters_row_inner\">\n<div class=\"cmsmasters_row_margin\">\n<div id=\"cmsmasters_column_f2zw58ohhx\" class=\"cmsmasters_column one_first\">\n<div class=\"cmsmasters_column_inner\"><div id=\"cmsmasters_heading_xg7krwzo5y\" class=\"cmsmasters_heading_wrap cmsmasters_heading_align_center\">\n\t<h2 class=\"cmsmasters_heading\">SZERZ\u0150INKNEK<\/h2>\n<\/div>\n<div id=\"cmsmasters_divider_fwaw2dyg4\" class=\"cmsmasters_divider cmsmasters_divider_width_long cmsmasters_divider_pos_center\"><\/div>\n<div id=\"portfolio_6bslff85kc\" class=\"cmsmasters_wrap_portfolio entry-summary\" data-layout=\"grid\" data-layout-mode=\"perfect\" data-url=\"https:\/\/eotvoskiado.hu\/wp-content\/plugins\/cmsmasters-content-composer\/\" data-orderby=\"date\" data-order=\"DESC\" data-count=\"3\" data-categories=\"action,adventure,art\" data-metadata=\"title\"><div class=\"portfolio grid large_gap perfect cmsmasters_3\"><!-- Start Project Grid Article -->\r\n<article id=\"post-1596\" class=\"cmsmasters_project_grid post-1596 project type-project status-publish format-standard has-post-thumbnail hentry pj-categs-art pj-tags-art pj-tags-book pj-tags-books\" data-category=\"art\">\r\n\t<div class=\"project_outer\">\r\n\t<figure class=\"cmsmasters_img_rollover_wrap preloader\"><img loading=\"lazy\" decoding=\"async\" width=\"415\" height=\"320\" src=\"https:\/\/eotvoskiado.hu\/wp-content\/uploads\/2015\/05\/book1-1.jpg\" class=\"full-width wp-post-image\" alt=\"A kiad\u00f3i munkafolyamatokr\u00f3l\" title=\"book1\" srcset=\"https:\/\/eotvoskiado.hu\/wp-content\/uploads\/2015\/05\/book1-1.jpg 415w, https:\/\/eotvoskiado.hu\/wp-content\/uploads\/2015\/05\/book1-1-300x231.jpg 300w\" sizes=\"auto, (max-width: 415px) 100vw, 415px\" \/><div class=\"cmsmasters_img_rollover\"><a href=\"https:\/\/eotvoskiado.hu\/index.php\/szerzoinknek\/\" title=\"A kiad\u00f3i munkafolyamatokr\u00f3l\" class=\"cmsmasters_open_post_link button\"><\/a><\/div><\/figure><div class=\"project_inner\"><header class=\"cmsmasters_project_header entry-header\"><h4 class=\"cmsmasters_project_title entry-title\"><a href=\"https:\/\/eotvoskiado.hu\/index.php\/szerzoinknek\/\">A kiad\u00f3i munkafolyamatokr\u00f3l<\/a><\/h4><\/header><\/div><span class=\"dn meta-date\">20150506130921<\/span>\t<\/div>\r\n<\/article>\r\n<!-- Finish Project Grid Article -->\r\n\r\n<!-- Start Project Grid Article -->\r\n<article id=\"post-1171\" class=\"cmsmasters_project_grid post-1171 project type-project status-publish format-standard has-post-thumbnail hentry pj-categs-adventure pj-tags-book pj-tags-books pj-tags-trip\" data-category=\"adventure\">\r\n\t<div class=\"project_outer\">\r\n\t<figure class=\"cmsmasters_img_rollover_wrap preloader\"><img loading=\"lazy\" decoding=\"async\" width=\"415\" height=\"320\" src=\"https:\/\/eotvoskiado.hu\/wp-content\/uploads\/2015\/05\/book22-1.jpg\" class=\"full-width wp-post-image\" alt=\"\u00datmutat\u00f3 a k\u00e9ziratok lead\u00e1s\u00e1hoz\" title=\"book22\" srcset=\"https:\/\/eotvoskiado.hu\/wp-content\/uploads\/2015\/05\/book22-1.jpg 415w, https:\/\/eotvoskiado.hu\/wp-content\/uploads\/2015\/05\/book22-1-300x231.jpg 300w\" sizes=\"auto, (max-width: 415px) 100vw, 415px\" \/><div class=\"cmsmasters_img_rollover\"><a href=\"\/index.php\/szerzoinknek\/#eljarasrend\" title=\"\u00datmutat\u00f3 a k\u00e9ziratok lead\u00e1s\u00e1hoz\" class=\"cmsmasters_open_post_link button\"><\/a><\/div><\/figure><div class=\"project_inner\"><header class=\"cmsmasters_project_header entry-header\"><h4 class=\"cmsmasters_project_title entry-title\"><a href=\"\/index.php\/szerzoinknek\/#eljarasrend\">\u00datmutat\u00f3 a k\u00e9ziratok lead\u00e1s\u00e1hoz<\/a><\/h4><\/header><\/div><span class=\"dn meta-date\">20150504143718<\/span>\t<\/div>\r\n<\/article>\r\n<!-- Finish Project Grid Article -->\r\n\r\n<!-- Start Project Grid Article -->\r\n<article id=\"post-1158\" class=\"cmsmasters_project_grid post-1158 project type-project status-publish format-standard has-post-thumbnail hentry pj-categs-action pj-tags-action pj-tags-book pj-tags-books\" data-category=\"action\">\r\n\t<div class=\"project_outer\">\r\n\t<figure class=\"cmsmasters_img_rollover_wrap preloader\"><img loading=\"lazy\" decoding=\"async\" width=\"415\" height=\"320\" src=\"https:\/\/eotvoskiado.hu\/wp-content\/uploads\/2015\/05\/book3-1.jpg\" class=\"full-width wp-post-image\" alt=\"Szempontok a k\u00e9zirat elk\u00e9sz\u00edt\u00e9s\u00e9hez\" title=\"book3\" srcset=\"https:\/\/eotvoskiado.hu\/wp-content\/uploads\/2015\/05\/book3-1.jpg 415w, https:\/\/eotvoskiado.hu\/wp-content\/uploads\/2015\/05\/book3-1-300x231.jpg 300w\" sizes=\"auto, (max-width: 415px) 100vw, 415px\" \/><div class=\"cmsmasters_img_rollover\"><a href=\"\/index.php\/szerzoinknek\/#kezirat\" title=\"Szempontok a k\u00e9zirat elk\u00e9sz\u00edt\u00e9s\u00e9hez\" class=\"cmsmasters_open_post_link button\"><\/a><\/div><\/figure><div class=\"project_inner\"><header class=\"cmsmasters_project_header entry-header\"><h4 class=\"cmsmasters_project_title entry-title\"><a href=\"\/index.php\/szerzoinknek\/#kezirat\">Szempontok a k\u00e9zirat elk\u00e9sz\u00edt\u00e9s\u00e9hez<\/a><\/h4><\/header><\/div><span class=\"dn meta-date\">20150504143226<\/span>\t<\/div>\r\n<\/article>\r\n<!-- Finish Project Grid Article -->\r\n\r\n<\/div><div class=\"cmsmasters_wrap_more_projects cmsmasters_wrap_more_items\"><\/div><\/div>\n<\/div><\/div>\n<\/div>\n<\/div>\n<\/div>\n<\/div>\n<\/div>\n<div id=\"cmsmasters_row_k0khq2d1g\" class=\"cmsmasters_row cmsmasters_color_scheme_default cmsmasters_row_top_default cmsmasters_row_bot_default cmsmasters_row_boxed\">\n<div class=\"cmsmasters_row_outer_parent\">\n<div class=\"cmsmasters_row_outer\">\n<div class=\"cmsmasters_row_inner\">\n<div class=\"cmsmasters_row_margin\">\n<div id=\"cmsmasters_column_0qvje4thv\" class=\"cmsmasters_column one_first\">\n<div class=\"cmsmasters_column_inner\">\n<div class=\"cmsmasters_slider\">\n\t\t\t<!-- START Konyvek REVOLUTION SLIDER 6.5.31 --><p class=\"rs-p-wp-fix\"><\/p>\n\t\t\t<rs-module-wrap id=\"rev_slider_4_2_wrapper\" data-source=\"gallery\" style=\"visibility:hidden;background:transparent;padding:0;margin:0px auto;margin-top:0;margin-bottom:0;\">\n\t\t\t\t<rs-module id=\"rev_slider_4_2\" style=\"\" data-version=\"6.5.31\">\n\t\t\t\t\t<rs-slides>\n\t\t\t\t\t\t<rs-slide style=\"position: absolute;\" data-key=\"rs-3\" data-title=\"Slide\" data-anim=\"adpr:false;\" data-in=\"o:0;\" data-out=\"a:false;\">\n\t\t\t\t\t\t\t<img decoding=\"async\" src=\"\/\/eotvoskiado.hu\/wp-content\/plugins\/revslider\/public\/assets\/assets\/dummy.png\" alt=\"\" title=\"barna_konyvek_3.jpeg\" width=\"2560\" height=\"1440\" class=\"rev-slidebg tp-rs-img rs-lazyload\" data-lazyload=\"\/\/eotvoskiado.hu\/wp-content\/uploads\/revslider\/video-media\/barna_konyvek_3-scaled.jpeg\" data-no-retina>\n\t\t\t\t\t\t\t<rs-bgvideo \n\t\t\t\t\t\t\t\tdata-video=\"w:100%;h:100%;nse:false;l:true;ptimer:false;vfc:true;\"\n\t\t\t\t\t\t\t\tdata-mp4=\"\/\/eotvoskiado.hu\/wp-content\/uploads\/2023\/01\/barna_konyvek.mp4\"\n\t\t\t\t\t\t\t><\/rs-bgvideo>\n<!--\n\t\t\t\t\t\t\t--><rs-layer\n\t\t\t\t\t\t\t\tid=\"slider-4-slide-3-layer-3\" \n\t\t\t\t\t\t\t\tdata-type=\"text\"\n\t\t\t\t\t\t\t\tdata-color=\"#000000||#000000||#ffffff||#ffffff\"\n\t\t\t\t\t\t\t\tdata-rsp_ch=\"on\"\n\t\t\t\t\t\t\t\tdata-xy=\"x:r,r,l,r;xo:160px,208px,40px,40px;y:m;yo:-50px,-65px,-65px,-65px;\"\n\t\t\t\t\t\t\t\tdata-text=\"w:normal;s:50;l:60;fw:700;a:center,center,inherit,inherit;\"\n\t\t\t\t\t\t\t\tdata-dim=\"w:350px,350px,500px,500px;\"\n\t\t\t\t\t\t\t\tdata-basealign=\"slide\"\n\t\t\t\t\t\t\t\tdata-frame_0=\"x:175%;o:1;\"\n\t\t\t\t\t\t\t\tdata-frame_0_mask=\"u:t;x:-100%;\"\n\t\t\t\t\t\t\t\tdata-frame_1=\"e:power3.out;st:550;sp:1500;sR:550;\"\n\t\t\t\t\t\t\t\tdata-frame_1_mask=\"u:t;\"\n\t\t\t\t\t\t\t\tdata-frame_999=\"o:0;st:w;sR:6950;\"\n\t\t\t\t\t\t\t\tstyle=\"z-index:9;font-family:'Lora';\"\n\t\t\t\t\t\t\t>Friss \nKiadv\u00e1nyaink \n\t\t\t\t\t\t\t<\/rs-layer><!--\n\n\t\t\t\t\t\t\t--><h2\n\t\t\t\t\t\t\t\tid=\"slider-4-slide-3-layer-5\" \n\t\t\t\t\t\t\t\tclass=\"rs-layer\"\n\t\t\t\t\t\t\t\tdata-type=\"button\"\n\t\t\t\t\t\t\t\tdata-rsp_ch=\"on\"\n\t\t\t\t\t\t\t\tdata-xy=\"x:r,r,l,r;xo:160px,158px,40px,40px;y:m;yo:79px,49px,49px,49px;\"\n\t\t\t\t\t\t\t\tdata-text=\"w:nowrap,nowrap,normal,normal;l:32;a:center,center,inherit,inherit;\"\n\t\t\t\t\t\t\t\tdata-dim=\"w:350px,350px,400px,400px;\"\n\t\t\t\t\t\t\t\tdata-basealign=\"slide\"\n\t\t\t\t\t\t\t\tdata-frame_0=\"sX:0.8;sY:0.8;\"\n\t\t\t\t\t\t\t\tdata-frame_1=\"e:power4.out;st:1300;sp:1500;sR:1300;\"\n\t\t\t\t\t\t\t\tdata-frame_999=\"o:0;st:w;sR:6200;\"\n\t\t\t\t\t\t\t\tstyle=\"z-index:10;font-family:'Lora';font-style:italic;\"\n\t\t\t\t\t\t\t><button style=\"background-color: #012851; padding: 16px 32px; color\"><a href=\" https:\/\/eltebook.hu\/\"><span style=\"color:#ffffff\"><i class=\"fa-shopping-cart\"><\/i> V\u00c1S\u00c1RL\u00c1S<\/span><\/a><\/button> \n\t\t\t\t\t\t\t<\/h2><!--\n-->\t\t\t\t\t\t<\/rs-slide>\n\t\t\t\t\t<\/rs-slides>\n\t\t\t\t<\/rs-module>\n\t\t\t\t<script>\n\t\t\t\t\tsetREVStartSize({c: 'rev_slider_4_2',rl:[1240,1024,778,778],el:[550,550,550,550],gw:[1024,1024,550,550],gh:[550,550,550,550],type:'standard',justify:'',layout:'fullwidth',mh:\"0\"});if (window.RS_MODULES!==undefined && window.RS_MODULES.modules!==undefined && window.RS_MODULES.modules[\"revslider42\"]!==undefined) {window.RS_MODULES.modules[\"revslider42\"].once = false;window.revapi4 = undefined;if (window.RS_MODULES.checkMinimal!==undefined) window.RS_MODULES.checkMinimal()}\n\t\t\t\t<\/script>\n\t\t\t<\/rs-module-wrap>\n\t\t\t<!-- END REVOLUTION SLIDER -->\n<\/div>\n<\/div><\/div>\n<\/div>\n<\/div>\n<\/div>\n<\/div>\n<\/div>\n\n","protected":false},"excerpt":{"rendered":"A","protected":false},"author":2,"featured_media":0,"parent":0,"menu_order":0,"comment_status":"closed","ping_status":"closed","template":"","meta":{"_monsterinsights_skip_tracking":false,"_monsterinsights_sitenote_active":false,"_monsterinsights_sitenote_note":"","_monsterinsights_sitenote_category":0,"footnotes":""},"class_list":["post-7366","page","type-page","status-publish","hentry"],"yoast_head":"<!-- This site is optimized with the Yoast SEO plugin v25.4 - https:\/\/yoast.com\/wordpress\/plugins\/seo\/ -->\n<title>F\u0151oldal - E\u00f6tv\u00f6s Kiad\u00f3<\/title>\n<meta name=\"description\" content=\"Az ELTE E\u00f6tv\u00f6s Kiad\u00f3 Kft. az E\u00f6tv\u00f6s Lor\u00e1nd Tudom\u00e1nyegyetem k\u00f6nyvkiad\u00f3ja.\" \/>\n<meta name=\"robots\" content=\"index, follow, max-snippet:-1, max-image-preview:large, max-video-preview:-1\" \/>\n<link rel=\"canonical\" href=\"https:\/\/eotvoskiado.hu\/\" \/>\n<meta property=\"og:locale\" content=\"hu_HU\" \/>\n<meta property=\"og:type\" content=\"article\" \/>\n<meta property=\"og:title\" content=\"https:\/\/www.facebook.com\/eotvoskiado\" \/>\n<meta property=\"og:description\" content=\"Az ELTE E\u00f6tv\u00f6s Kiad\u00f3 Kft. az E\u00f6tv\u00f6s Lor\u00e1nd Tudom\u00e1nyegyetem k\u00f6nyvkiad\u00f3ja.\" \/>\n<meta property=\"og:url\" content=\"https:\/\/eotvoskiado.hu\/\" \/>\n<meta property=\"og:site_name\" content=\"E\u00f6tv\u00f6s Kiad\u00f3\" \/>\n<meta property=\"article:publisher\" content=\"https:\/\/www.facebook.com\/eotvoskiado\" \/>\n<meta property=\"article:modified_time\" content=\"2023-11-10T09:35:51+00:00\" \/>\n<meta property=\"og:image\" content=\"https:\/\/eotvoskiado.hu\/wp-content\/uploads\/2023\/11\/352575148_1010210203683791_7144452768932196527_n.jpg\" \/>\n\t<meta property=\"og:image:width\" content=\"578\" \/>\n\t<meta property=\"og:image:height\" content=\"578\" \/>\n\t<meta property=\"og:image:type\" content=\"image\/jpeg\" \/>\n<meta name=\"twitter:card\" content=\"summary_large_image\" \/>\n<meta name=\"twitter:label1\" content=\"Becs\u00fclt olvas\u00e1si id\u0151\" \/>\n\t<meta name=\"twitter:data1\" content=\"1 perc\" \/>\n<script type=\"application\/ld+json\" class=\"yoast-schema-graph\">{\"@context\":\"https:\/\/schema.org\",\"@graph\":[{\"@type\":\"WebPage\",\"@id\":\"https:\/\/eotvoskiado.hu\/\",\"url\":\"https:\/\/eotvoskiado.hu\/\",\"name\":\"F\u0151oldal - E\u00f6tv\u00f6s Kiad\u00f3\",\"isPartOf\":{\"@id\":\"https:\/\/eotvoskiado.hu\/#website\"},\"datePublished\":\"2015-11-18T08:37:53+00:00\",\"dateModified\":\"2023-11-10T09:35:51+00:00\",\"description\":\"Az ELTE E\u00f6tv\u00f6s Kiad\u00f3 Kft. az E\u00f6tv\u00f6s Lor\u00e1nd Tudom\u00e1nyegyetem k\u00f6nyvkiad\u00f3ja.\",\"breadcrumb\":{\"@id\":\"https:\/\/eotvoskiado.hu\/#breadcrumb\"},\"inLanguage\":\"hu\",\"potentialAction\":[{\"@type\":\"ReadAction\",\"target\":[\"https:\/\/eotvoskiado.hu\/\"]}]},{\"@type\":\"BreadcrumbList\",\"@id\":\"https:\/\/eotvoskiado.hu\/#breadcrumb\",\"itemListElement\":[{\"@type\":\"ListItem\",\"position\":1,\"name\":\"F\u0151oldal\",\"item\":\"https:\/\/eotvoskiado.hu\/\"},{\"@type\":\"ListItem\",\"position\":2,\"name\":\"F\u0151oldal\"}]},{\"@type\":\"WebSite\",\"@id\":\"https:\/\/eotvoskiado.hu\/#website\",\"url\":\"https:\/\/eotvoskiado.hu\/\",\"name\":\"E\u00f6tv\u00f6s Kiad\u00f3\",\"description\":\"Az ELTE hivatalos k\u00f6nyvkiad\u00f3ja\",\"publisher\":{\"@id\":\"https:\/\/eotvoskiado.hu\/#organization\"},\"potentialAction\":[{\"@type\":\"SearchAction\",\"target\":{\"@type\":\"EntryPoint\",\"urlTemplate\":\"https:\/\/eotvoskiado.hu\/?s={search_term_string}\"},\"query-input\":{\"@type\":\"PropertyValueSpecification\",\"valueRequired\":true,\"valueName\":\"search_term_string\"}}],\"inLanguage\":\"hu\"},{\"@type\":\"Organization\",\"@id\":\"https:\/\/eotvoskiado.hu\/#organization\",\"name\":\"E\u00f6tv\u00f6s Kiad\u00f3\",\"url\":\"https:\/\/eotvoskiado.hu\/\",\"logo\":{\"@type\":\"ImageObject\",\"inLanguage\":\"hu\",\"@id\":\"https:\/\/eotvoskiado.hu\/#\/schema\/logo\/image\/\",\"url\":\"https:\/\/eotvoskiado.hu\/wp-content\/uploads\/2023\/11\/elte_eotvos_kiado_nyomdai_cmyk_fekvo_logo_kek.png\",\"contentUrl\":\"https:\/\/eotvoskiado.hu\/wp-content\/uploads\/2023\/11\/elte_eotvos_kiado_nyomdai_cmyk_fekvo_logo_kek.png\",\"width\":4249,\"height\":1174,\"caption\":\"E\u00f6tv\u00f6s Kiad\u00f3\"},\"image\":{\"@id\":\"https:\/\/eotvoskiado.hu\/#\/schema\/logo\/image\/\"},\"sameAs\":[\"https:\/\/www.facebook.com\/eotvoskiado\"]}]}<\/script>\n<!-- \/ Yoast SEO plugin. -->","yoast_head_json":{"title":"F\u0151oldal - E\u00f6tv\u00f6s Kiad\u00f3","description":"Az ELTE E\u00f6tv\u00f6s Kiad\u00f3 Kft. az E\u00f6tv\u00f6s Lor\u00e1nd Tudom\u00e1nyegyetem k\u00f6nyvkiad\u00f3ja.","robots":{"index":"index","follow":"follow","max-snippet":"max-snippet:-1","max-image-preview":"max-image-preview:large","max-video-preview":"max-video-preview:-1"},"canonical":"https:\/\/eotvoskiado.hu\/","og_locale":"hu_HU","og_type":"article","og_title":"https:\/\/www.facebook.com\/eotvoskiado","og_description":"Az ELTE E\u00f6tv\u00f6s Kiad\u00f3 Kft. az E\u00f6tv\u00f6s Lor\u00e1nd Tudom\u00e1nyegyetem k\u00f6nyvkiad\u00f3ja.","og_url":"https:\/\/eotvoskiado.hu\/","og_site_name":"E\u00f6tv\u00f6s Kiad\u00f3","article_publisher":"https:\/\/www.facebook.com\/eotvoskiado","article_modified_time":"2023-11-10T09:35:51+00:00","og_image":[{"width":578,"height":578,"url":"https:\/\/eotvoskiado.hu\/wp-content\/uploads\/2023\/11\/352575148_1010210203683791_7144452768932196527_n.jpg","type":"image\/jpeg"}],"twitter_card":"summary_large_image","twitter_misc":{"Becs\u00fclt olvas\u00e1si id\u0151":"1 perc"},"schema":{"@context":"https:\/\/schema.org","@graph":[{"@type":"WebPage","@id":"https:\/\/eotvoskiado.hu\/","url":"https:\/\/eotvoskiado.hu\/","name":"F\u0151oldal - E\u00f6tv\u00f6s Kiad\u00f3","isPartOf":{"@id":"https:\/\/eotvoskiado.hu\/#website"},"datePublished":"2015-11-18T08:37:53+00:00","dateModified":"2023-11-10T09:35:51+00:00","description":"Az ELTE E\u00f6tv\u00f6s Kiad\u00f3 Kft. az E\u00f6tv\u00f6s Lor\u00e1nd Tudom\u00e1nyegyetem k\u00f6nyvkiad\u00f3ja.","breadcrumb":{"@id":"https:\/\/eotvoskiado.hu\/#breadcrumb"},"inLanguage":"hu","potentialAction":[{"@type":"ReadAction","target":["https:\/\/eotvoskiado.hu\/"]}]},{"@type":"BreadcrumbList","@id":"https:\/\/eotvoskiado.hu\/#breadcrumb","itemListElement":[{"@type":"ListItem","position":1,"name":"F\u0151oldal","item":"https:\/\/eotvoskiado.hu\/"},{"@type":"ListItem","position":2,"name":"F\u0151oldal"}]},{"@type":"WebSite","@id":"https:\/\/eotvoskiado.hu\/#website","url":"https:\/\/eotvoskiado.hu\/","name":"E\u00f6tv\u00f6s Kiad\u00f3","description":"Az ELTE hivatalos k\u00f6nyvkiad\u00f3ja","publisher":{"@id":"https:\/\/eotvoskiado.hu\/#organization"},"potentialAction":[{"@type":"SearchAction","target":{"@type":"EntryPoint","urlTemplate":"https:\/\/eotvoskiado.hu\/?s={search_term_string}"},"query-input":{"@type":"PropertyValueSpecification","valueRequired":true,"valueName":"search_term_string"}}],"inLanguage":"hu"},{"@type":"Organization","@id":"https:\/\/eotvoskiado.hu\/#organization","name":"E\u00f6tv\u00f6s Kiad\u00f3","url":"https:\/\/eotvoskiado.hu\/","logo":{"@type":"ImageObject","inLanguage":"hu","@id":"https:\/\/eotvoskiado.hu\/#\/schema\/logo\/image\/","url":"https:\/\/eotvoskiado.hu\/wp-content\/uploads\/2023\/11\/elte_eotvos_kiado_nyomdai_cmyk_fekvo_logo_kek.png","contentUrl":"https:\/\/eotvoskiado.hu\/wp-content\/uploads\/2023\/11\/elte_eotvos_kiado_nyomdai_cmyk_fekvo_logo_kek.png","width":4249,"height":1174,"caption":"E\u00f6tv\u00f6s Kiad\u00f3"},"image":{"@id":"https:\/\/eotvoskiado.hu\/#\/schema\/logo\/image\/"},"sameAs":["https:\/\/www.facebook.com\/eotvoskiado"]}]}},"_links":{"self":[{"href":"https:\/\/eotvoskiado.hu\/index.php\/wp-json\/wp\/v2\/pages\/7366","targetHints":{"allow":["GET"]}}],"collection":[{"href":"https:\/\/eotvoskiado.hu\/index.php\/wp-json\/wp\/v2\/pages"}],"about":[{"href":"https:\/\/eotvoskiado.hu\/index.php\/wp-json\/wp\/v2\/types\/page"}],"author":[{"embeddable":true,"href":"https:\/\/eotvoskiado.hu\/index.php\/wp-json\/wp\/v2\/users\/2"}],"replies":[{"embeddable":true,"href":"https:\/\/eotvoskiado.hu\/index.php\/wp-json\/wp\/v2\/comments?post=7366"}],"version-history":[{"count":2,"href":"https:\/\/eotvoskiado.hu\/index.php\/wp-json\/wp\/v2\/pages\/7366\/revisions"}],"predecessor-version":[{"id":15875,"href":"https:\/\/eotvoskiado.hu\/index.php\/wp-json\/wp\/v2\/pages\/7366\/revisions\/15875"}],"wp:attachment":[{"href":"https:\/\/eotvoskiado.hu\/index.php\/wp-json\/wp\/v2\/media?parent=7366"}],"curies":[{"name":"wp","href":"https:\/\/api.w.org\/{rel}","templated":true}]}}